{"id":3329,"date":"2024-09-10T07:56:40","date_gmt":"2024-09-10T05:56:40","guid":{"rendered":"https:\/\/nordicamenities.eu\/toode\/lastekomplekt-cocci-nella\/"},"modified":"2024-09-10T07:56:40","modified_gmt":"2024-09-10T05:56:40","slug":"lastekomplekt-cocci-nella","status":"publish","type":"product","link":"https:\/\/nordicamenities.com\/fi\/toode\/lastekomplekt-cocci-nella\/","title":{"rendered":"Lastekomplekt COCCI NELLA"},"content":{"rendered":"<p>Komplekt sisaldab:<br \/>\nShampoon 34ml pudel<br \/>\nDushigeel 34ml pudel<br \/>\nIhupiim 34ml pudel<br \/>\nSeep 20g<br \/>\nV\u00e4rskendav rohelise tee l\u00f5hnaga niiske salvr\u00e4tik<\/p>\n","protected":false},"excerpt":{"rendered":"<p>COCCINELLA: delikaatne hotellikosmeetika sari, riisi- ja malvoekstraktidega, mis m\u00f5eldud k\u00f5ige v\u00e4iksemaltele reisijatele.<br \/>\nM\u00e4nguliste pakenditega sari sisaldab kolme v\u00e4ikepudelit \u2013 shampoon, dushigeel ja ihupiim, mis  rikastatud riisi ja malvoekstraktidega, millel on loomulikud pehmendavad ja niisutavad omadused. Komplekti kuuluvad veel seep ja v\u00e4rskendav niiske salvr\u00e4tik. Pehme l\u00f5hn ja kreemijas tekstuur annab v\u00e4ikestele k\u00fclastele loomuliku v\u00e4rskuse tunde.<br \/>\nKOSMEETKIA ON TOODETUD ITAALIAS.<\/p>\n","protected":false},"featured_media":3077,"comment_status":"closed","ping_status":"open","template":"","meta":{"_acf_changed":false},"product_brand":[],"product_cat":[239],"product_tag":[240],"class_list":{"0":"post-3329","1":"product","2":"type-product","3":"status-publish","4":"has-post-thumbnail","6":"product_cat-cocci-nella","7":"product_tag-kinkekomplekt","9":"first","10":"instock","11":"taxable","12":"shipping-taxable","13":"purchasable","14":"product-type-simple"},"group_of_quantity":62,"min_quantity":62,"max_quantity":"","exclude_order_quantity_value_rules":"no","exclude_category_quantity_rules":"no","combine_variations":"no","acf":[],"_links":{"self":[{"href":"https:\/\/nordicamenities.com\/fi\/wp-json\/wp\/v2\/product\/3329","targetHints":{"allow":["GET"]}}],"collection":[{"href":"https:\/\/nordicamenities.com\/fi\/wp-json\/wp\/v2\/product"}],"about":[{"href":"https:\/\/nordicamenities.com\/fi\/wp-json\/wp\/v2\/types\/product"}],"replies":[{"embeddable":true,"href":"https:\/\/nordicamenities.com\/fi\/wp-json\/wp\/v2\/comments?post=3329"}],"wp:featuredmedia":[{"embeddable":true,"href":"https:\/\/nordicamenities.com\/fi\/wp-json\/wp\/v2\/media\/3077"}],"wp:attachment":[{"href":"https:\/\/nordicamenities.com\/fi\/wp-json\/wp\/v2\/media?parent=3329"}],"wp:term":[{"taxonomy":"product_brand","embeddable":true,"href":"https:\/\/nordicamenities.com\/fi\/wp-json\/wp\/v2\/product_brand?post=3329"},{"taxonomy":"product_cat","embeddable":true,"href":"https:\/\/nordicamenities.com\/fi\/wp-json\/wp\/v2\/product_cat?post=3329"},{"taxonomy":"product_tag","embeddable":true,"href":"https:\/\/nordicamenities.com\/fi\/wp-json\/wp\/v2\/product_tag?post=3329"}],"curies":[{"name":"wp","href":"https:\/\/api.w.org\/{rel}","templated":true}]}}