{"id":3353,"date":"2024-09-10T07:56:51","date_gmt":"2024-09-10T05:56:51","guid":{"rendered":"https:\/\/nordicamenities.eu\/toode\/katepesu-4-tabletti-dplanet\/"},"modified":"2024-09-10T07:56:53","modified_gmt":"2024-09-10T05:56:53","slug":"katepesu-4-tabletti-dplanet","status":"publish","type":"product","link":"https:\/\/nordicamenities.com\/fi\/toode\/katepesu-4-tabletti-dplanet\/","title":{"rendered":"K\u00e4tepesu 4 Tabletti DPLANET"},"content":{"rendered":"","protected":false},"excerpt":{"rendered":"<p>DPlanet on ainulaadne plastiku vaba kosmeetikasari, mis loob harmooniat inimese ja keskkonna vahel. Selle ainulaadsed koostisosad muudavad selle t\u00e4ielikult vee ja s\u00e4ilitusainete vabaks. Toode, milles on \u00fchendatud kogemused ja eetika, naha peal testitud looduslike \u00f5lidega kosmeetika, mis on pakendatud taaskasutatud paber pakendisse.<\/p>\n","protected":false},"featured_media":3081,"comment_status":"closed","ping_status":"open","template":"","meta":{"_acf_changed":false},"product_brand":[],"product_cat":[244],"product_tag":[46],"class_list":{"0":"post-3353","1":"product","2":"type-product","3":"status-publish","4":"has-post-thumbnail","6":"product_cat-dplanet","7":"product_tag-seep","9":"first","10":"instock","11":"taxable","12":"shipping-taxable","13":"purchasable","14":"product-type-simple"},"group_of_quantity":525,"min_quantity":525,"max_quantity":"","exclude_order_quantity_value_rules":"no","exclude_category_quantity_rules":"no","combine_variations":"no","acf":[],"_links":{"self":[{"href":"https:\/\/nordicamenities.com\/fi\/wp-json\/wp\/v2\/product\/3353","targetHints":{"allow":["GET"]}}],"collection":[{"href":"https:\/\/nordicamenities.com\/fi\/wp-json\/wp\/v2\/product"}],"about":[{"href":"https:\/\/nordicamenities.com\/fi\/wp-json\/wp\/v2\/types\/product"}],"replies":[{"embeddable":true,"href":"https:\/\/nordicamenities.com\/fi\/wp-json\/wp\/v2\/comments?post=3353"}],"wp:featuredmedia":[{"embeddable":true,"href":"https:\/\/nordicamenities.com\/fi\/wp-json\/wp\/v2\/media\/3081"}],"wp:attachment":[{"href":"https:\/\/nordicamenities.com\/fi\/wp-json\/wp\/v2\/media?parent=3353"}],"wp:term":[{"taxonomy":"product_brand","embeddable":true,"href":"https:\/\/nordicamenities.com\/fi\/wp-json\/wp\/v2\/product_brand?post=3353"},{"taxonomy":"product_cat","embeddable":true,"href":"https:\/\/nordicamenities.com\/fi\/wp-json\/wp\/v2\/product_cat?post=3353"},{"taxonomy":"product_tag","embeddable":true,"href":"https:\/\/nordicamenities.com\/fi\/wp-json\/wp\/v2\/product_tag?post=3353"}],"curies":[{"name":"wp","href":"https:\/\/api.w.org\/{rel}","templated":true}]}}