{"id":7749,"date":"2024-09-10T07:55:35","date_gmt":"2024-09-10T05:55:35","guid":{"rendered":"https:\/\/nordicamenities.com\/toode\/juukse-ja-kehasampoon-5l-b-natural\/"},"modified":"2024-09-10T07:55:42","modified_gmt":"2024-09-10T05:55:42","slug":"juukse-ja-kehasampoon-5l-b-natural","status":"publish","type":"product","link":"https:\/\/nordicamenities.com\/fi\/toode\/juukse-ja-kehasampoon-5l-b-natural\/","title":{"rendered":"Juukse- Ja Keha\u0161ampoon 5L B NATURAL"},"content":{"rendered":"","protected":false},"excerpt":{"rendered":"<p>B NATURAL on kosmeetikasari sari neile, kes soovivad pakkuda oma k\u00fclalistele looduslikku kosmeetikat. Vegan koostistega, mis sisaldab v\u00e4hemalt 95% loodusliku p\u00e4ritoluga tooraineid, mis hoolitsevad \u00f5rnalt naha ja juuste eest, samas kui selle 100% taaskasutatud materjalist valmistatud pakend on p\u00fchendunud n\u00fc\u00fcdseks olulisele rollile meie planeedi kaitsmisel.<br \/>\nKOSMEETIKA ON TOODETUD ITAALIAS.<\/p>\n","protected":false},"featured_media":7669,"comment_status":"closed","ping_status":"open","template":"","meta":{"_acf_changed":false},"product_brand":[],"product_cat":[213],"product_tag":[194],"class_list":{"0":"post-7749","1":"product","2":"type-product","3":"status-publish","4":"has-post-thumbnail","6":"product_cat-b-natural","7":"product_tag-juukse-ja-keha","9":"first","10":"instock","11":"taxable","12":"shipping-taxable","13":"purchasable","14":"product-type-simple"},"group_of_quantity":2,"min_quantity":2,"max_quantity":"","exclude_order_quantity_value_rules":"no","exclude_category_quantity_rules":"no","combine_variations":"no","acf":[],"_links":{"self":[{"href":"https:\/\/nordicamenities.com\/fi\/wp-json\/wp\/v2\/product\/7749","targetHints":{"allow":["GET"]}}],"collection":[{"href":"https:\/\/nordicamenities.com\/fi\/wp-json\/wp\/v2\/product"}],"about":[{"href":"https:\/\/nordicamenities.com\/fi\/wp-json\/wp\/v2\/types\/product"}],"replies":[{"embeddable":true,"href":"https:\/\/nordicamenities.com\/fi\/wp-json\/wp\/v2\/comments?post=7749"}],"wp:featuredmedia":[{"embeddable":true,"href":"https:\/\/nordicamenities.com\/fi\/wp-json\/wp\/v2\/media\/7669"}],"wp:attachment":[{"href":"https:\/\/nordicamenities.com\/fi\/wp-json\/wp\/v2\/media?parent=7749"}],"wp:term":[{"taxonomy":"product_brand","embeddable":true,"href":"https:\/\/nordicamenities.com\/fi\/wp-json\/wp\/v2\/product_brand?post=7749"},{"taxonomy":"product_cat","embeddable":true,"href":"https:\/\/nordicamenities.com\/fi\/wp-json\/wp\/v2\/product_cat?post=7749"},{"taxonomy":"product_tag","embeddable":true,"href":"https:\/\/nordicamenities.com\/fi\/wp-json\/wp\/v2\/product_tag?post=7749"}],"curies":[{"name":"wp","href":"https:\/\/api.w.org\/{rel}","templated":true}]}}