{"id":7757,"date":"2024-09-10T07:56:09","date_gmt":"2024-09-10T05:56:09","guid":{"rendered":"https:\/\/nordicamenities.com\/toode\/sampoon-5l-argan-source\/"},"modified":"2024-09-10T07:56:15","modified_gmt":"2024-09-10T05:56:15","slug":"sampoon-5l-argan-source","status":"publish","type":"product","link":"https:\/\/nordicamenities.com\/fi\/toode\/sampoon-5l-argan-source\/","title":{"rendered":"\u0160ampoon 5L ARGAN SOURCE"},"content":{"rendered":"","protected":false},"excerpt":{"rendered":"<p>ARGAN SOURCE hotellikoseetika sari, mis sisaldab argaania\u00f5li, eliksiir, millest on saanud kosmeetikatoodete \u201cmust have\u201d komponent t\u00e4nu oma antioks\u00fcdandilistele, pehmendavatele ja niisutavatele omadustele.<br \/>\nElegantsed satiinmati viimistlusega pudelid ja intrrigeerivad l\u00f5hnad \u00fcmbritsevad Teie k\u00fclalisi Morocco kuldsete k\u00f5rbede salap\u00e4rase atmosf\u00e4\u00e4riga.<br \/>\nKOSMEETKIA ON TOODETUD ITAALIAS.<\/p>\n","protected":false},"featured_media":7653,"comment_status":"closed","ping_status":"open","template":"","meta":{"_acf_changed":false},"product_brand":[],"product_cat":[229],"product_tag":[42],"class_list":{"0":"post-7757","1":"product","2":"type-product","3":"status-publish","4":"has-post-thumbnail","6":"product_cat-argan-source","7":"product_tag-sampoon","9":"first","10":"instock","11":"taxable","12":"shipping-taxable","13":"purchasable","14":"product-type-simple"},"group_of_quantity":2,"min_quantity":2,"max_quantity":"","exclude_order_quantity_value_rules":"no","exclude_category_quantity_rules":"no","combine_variations":"no","acf":[],"_links":{"self":[{"href":"https:\/\/nordicamenities.com\/fi\/wp-json\/wp\/v2\/product\/7757","targetHints":{"allow":["GET"]}}],"collection":[{"href":"https:\/\/nordicamenities.com\/fi\/wp-json\/wp\/v2\/product"}],"about":[{"href":"https:\/\/nordicamenities.com\/fi\/wp-json\/wp\/v2\/types\/product"}],"replies":[{"embeddable":true,"href":"https:\/\/nordicamenities.com\/fi\/wp-json\/wp\/v2\/comments?post=7757"}],"wp:featuredmedia":[{"embeddable":true,"href":"https:\/\/nordicamenities.com\/fi\/wp-json\/wp\/v2\/media\/7653"}],"wp:attachment":[{"href":"https:\/\/nordicamenities.com\/fi\/wp-json\/wp\/v2\/media?parent=7757"}],"wp:term":[{"taxonomy":"product_brand","embeddable":true,"href":"https:\/\/nordicamenities.com\/fi\/wp-json\/wp\/v2\/product_brand?post=7757"},{"taxonomy":"product_cat","embeddable":true,"href":"https:\/\/nordicamenities.com\/fi\/wp-json\/wp\/v2\/product_cat?post=7757"},{"taxonomy":"product_tag","embeddable":true,"href":"https:\/\/nordicamenities.com\/fi\/wp-json\/wp\/v2\/product_tag?post=7757"}],"curies":[{"name":"wp","href":"https:\/\/api.w.org\/{rel}","templated":true}]}}