{"id":7766,"date":"2024-09-10T07:56:51","date_gmt":"2024-09-10T05:56:51","guid":{"rendered":"https:\/\/nordicamenities.com\/toode\/sampoon-300ml-find-your-eco\/"},"modified":"2024-09-10T07:56:56","modified_gmt":"2024-09-10T05:56:56","slug":"sampoon-300ml-find-your-eco","status":"publish","type":"product","link":"https:\/\/nordicamenities.com\/fi\/toode\/sampoon-300ml-find-your-eco\/","title":{"rendered":"\u0160ampoon 300ml FIND YOUR ECO"},"content":{"rendered":"","protected":false},"excerpt":{"rendered":"<p>FIND YOUR ECO on kosmeetikasari, mis kehastab t\u00e4iuslikku tasakaalu j\u00e4tkusuutlikkuse ja ilu vahel. Kogu tootevalik on disainitud, formuleeritud, toodetud ja pakendatud vastavalt rangetele Ecolabel&#8217;i n\u00f5uetele, et tagada minimaalne keskkonnam\u00f5ju s\u00e4ilitades samas k\u00f5rge kvaliteedi.<\/p>\n","protected":false},"featured_media":7727,"comment_status":"closed","ping_status":"open","template":"","meta":{"_acf_changed":false},"product_brand":[],"product_cat":[362],"product_tag":[42],"class_list":{"0":"post-7766","1":"product","2":"type-product","3":"status-publish","4":"has-post-thumbnail","6":"product_cat-find-your-eco","7":"product_tag-sampoon","9":"first","10":"instock","11":"taxable","12":"shipping-taxable","13":"purchasable","14":"product-type-simple"},"group_of_quantity":20,"min_quantity":20,"max_quantity":"","exclude_order_quantity_value_rules":"no","exclude_category_quantity_rules":"no","combine_variations":"no","acf":[],"_links":{"self":[{"href":"https:\/\/nordicamenities.com\/fi\/wp-json\/wp\/v2\/product\/7766","targetHints":{"allow":["GET"]}}],"collection":[{"href":"https:\/\/nordicamenities.com\/fi\/wp-json\/wp\/v2\/product"}],"about":[{"href":"https:\/\/nordicamenities.com\/fi\/wp-json\/wp\/v2\/types\/product"}],"replies":[{"embeddable":true,"href":"https:\/\/nordicamenities.com\/fi\/wp-json\/wp\/v2\/comments?post=7766"}],"wp:featuredmedia":[{"embeddable":true,"href":"https:\/\/nordicamenities.com\/fi\/wp-json\/wp\/v2\/media\/7727"}],"wp:attachment":[{"href":"https:\/\/nordicamenities.com\/fi\/wp-json\/wp\/v2\/media?parent=7766"}],"wp:term":[{"taxonomy":"product_brand","embeddable":true,"href":"https:\/\/nordicamenities.com\/fi\/wp-json\/wp\/v2\/product_brand?post=7766"},{"taxonomy":"product_cat","embeddable":true,"href":"https:\/\/nordicamenities.com\/fi\/wp-json\/wp\/v2\/product_cat?post=7766"},{"taxonomy":"product_tag","embeddable":true,"href":"https:\/\/nordicamenities.com\/fi\/wp-json\/wp\/v2\/product_tag?post=7766"}],"curies":[{"name":"wp","href":"https:\/\/api.w.org\/{rel}","templated":true}]}}