{"id":7779,"date":"2024-09-10T07:57:01","date_gmt":"2024-09-10T05:57:01","guid":{"rendered":"https:\/\/nordicamenities.com\/toode\/dusigeel-5l-find-your-eco\/"},"modified":"2024-09-10T07:57:02","modified_gmt":"2024-09-10T05:57:02","slug":"dusigeel-5l-find-your-eco","status":"publish","type":"product","link":"https:\/\/nordicamenities.com\/fi\/toode\/dusigeel-5l-find-your-eco\/","title":{"rendered":"Du\u0161igeel 5L FIND YOUR ECO"},"content":{"rendered":"","protected":false},"excerpt":{"rendered":"<p>FIND YOUR ECO on kosmeetikasari, mis kehastab t\u00e4iuslikku tasakaalu j\u00e4tkusuutlikkuse ja ilu vahel. Kogu tootevalik on disainitud, formuleeritud, toodetud ja pakendatud vastavalt rangetele Ecolabel&#8217;i n\u00f5uetele, et tagada minimaalne keskkonnam\u00f5ju s\u00e4ilitades samas k\u00f5rge kvaliteedi.<\/p>\n","protected":false},"featured_media":7725,"comment_status":"closed","ping_status":"open","template":"","meta":{"_acf_changed":false},"product_brand":[],"product_cat":[362],"product_tag":[43],"class_list":{"0":"post-7779","1":"product","2":"type-product","3":"status-publish","4":"has-post-thumbnail","6":"product_cat-find-your-eco","7":"product_tag-dusigeel","9":"first","10":"instock","11":"taxable","12":"shipping-taxable","13":"purchasable","14":"product-type-simple"},"group_of_quantity":2,"min_quantity":2,"max_quantity":"","exclude_order_quantity_value_rules":"no","exclude_category_quantity_rules":"no","combine_variations":"no","acf":[],"_links":{"self":[{"href":"https:\/\/nordicamenities.com\/fi\/wp-json\/wp\/v2\/product\/7779","targetHints":{"allow":["GET"]}}],"collection":[{"href":"https:\/\/nordicamenities.com\/fi\/wp-json\/wp\/v2\/product"}],"about":[{"href":"https:\/\/nordicamenities.com\/fi\/wp-json\/wp\/v2\/types\/product"}],"replies":[{"embeddable":true,"href":"https:\/\/nordicamenities.com\/fi\/wp-json\/wp\/v2\/comments?post=7779"}],"wp:featuredmedia":[{"embeddable":true,"href":"https:\/\/nordicamenities.com\/fi\/wp-json\/wp\/v2\/media\/7725"}],"wp:attachment":[{"href":"https:\/\/nordicamenities.com\/fi\/wp-json\/wp\/v2\/media?parent=7779"}],"wp:term":[{"taxonomy":"product_brand","embeddable":true,"href":"https:\/\/nordicamenities.com\/fi\/wp-json\/wp\/v2\/product_brand?post=7779"},{"taxonomy":"product_cat","embeddable":true,"href":"https:\/\/nordicamenities.com\/fi\/wp-json\/wp\/v2\/product_cat?post=7779"},{"taxonomy":"product_tag","embeddable":true,"href":"https:\/\/nordicamenities.com\/fi\/wp-json\/wp\/v2\/product_tag?post=7779"}],"curies":[{"name":"wp","href":"https:\/\/api.w.org\/{rel}","templated":true}]}}