{"id":7791,"date":"2024-09-10T07:57:01","date_gmt":"2024-09-10T05:57:01","guid":{"rendered":"https:\/\/nordicamenities.com\/toode\/juukse-ja-kehasampoon-trend-350ml-oliva\/"},"modified":"2024-09-10T07:57:05","modified_gmt":"2024-09-10T05:57:05","slug":"juukse-ja-kehasampoon-trend-350ml-oliva","status":"publish","type":"product","link":"https:\/\/nordicamenities.com\/fi\/toode\/juukse-ja-kehasampoon-trend-350ml-oliva\/","title":{"rendered":"Juukse- Ja Keha\u0161ampoon TREND 350ml OLIVA"},"content":{"rendered":"","protected":false},"excerpt":{"rendered":"<p>Oliva del Mediterraneo on meie austusavaldus iidsele Itaalia ilusaladusele, mis on alati olnud \u00fcks Mare Nostrumi hinnatumaid vilju. Oliva del Mediterraneo on loodud naha \u00f5rnaks puhastamiseks ja toitmiseks, j\u00e4ttes selle v\u00e4rskeks, elastseks ja meeldivalt l\u00f5hnastatuks.<\/p>\n<p>Rikastatud orgaanilise Oliivi\u00f5liga mis on on rikas antioks\u00fcdantide ja vabade radikaalide vastaste ainete poolest, mis on rakulise vananemise peamine p\u00f5hjus. E-vitamiin, f\u00fctosteroolid, tokoferoolid ja skvaleen t\u00e4idavad k\u00f5iki naha p\u00f5hifunktsioone, mis on vajalikud, et nahk p\u00fcsiks aja jooksul nooruslik ja v\u00e4rske v\u00e4limusega.<\/p>\n","protected":false},"featured_media":7731,"comment_status":"closed","ping_status":"open","template":"","meta":{"_acf_changed":false},"product_brand":[],"product_cat":[365,366,214],"product_tag":[194],"class_list":{"0":"post-7791","1":"product","2":"type-product","3":"status-publish","4":"has-post-thumbnail","6":"product_cat-oliva","7":"product_cat-oliva-trend","8":"product_cat-trend","9":"product_tag-juukse-ja-keha","11":"first","12":"instock","13":"taxable","14":"shipping-taxable","15":"purchasable","16":"product-type-simple"},"group_of_quantity":20,"min_quantity":20,"max_quantity":"","exclude_order_quantity_value_rules":"no","exclude_category_quantity_rules":"no","combine_variations":"no","acf":[],"_links":{"self":[{"href":"https:\/\/nordicamenities.com\/fi\/wp-json\/wp\/v2\/product\/7791","targetHints":{"allow":["GET"]}}],"collection":[{"href":"https:\/\/nordicamenities.com\/fi\/wp-json\/wp\/v2\/product"}],"about":[{"href":"https:\/\/nordicamenities.com\/fi\/wp-json\/wp\/v2\/types\/product"}],"replies":[{"embeddable":true,"href":"https:\/\/nordicamenities.com\/fi\/wp-json\/wp\/v2\/comments?post=7791"}],"wp:featuredmedia":[{"embeddable":true,"href":"https:\/\/nordicamenities.com\/fi\/wp-json\/wp\/v2\/media\/7731"}],"wp:attachment":[{"href":"https:\/\/nordicamenities.com\/fi\/wp-json\/wp\/v2\/media?parent=7791"}],"wp:term":[{"taxonomy":"product_brand","embeddable":true,"href":"https:\/\/nordicamenities.com\/fi\/wp-json\/wp\/v2\/product_brand?post=7791"},{"taxonomy":"product_cat","embeddable":true,"href":"https:\/\/nordicamenities.com\/fi\/wp-json\/wp\/v2\/product_cat?post=7791"},{"taxonomy":"product_tag","embeddable":true,"href":"https:\/\/nordicamenities.com\/fi\/wp-json\/wp\/v2\/product_tag?post=7791"}],"curies":[{"name":"wp","href":"https:\/\/api.w.org\/{rel}","templated":true}]}}