{"id":9793,"date":"2026-01-07T13:30:18","date_gmt":"2026-01-07T11:30:18","guid":{"rendered":"https:\/\/nordicamenities.com\/toode\/valge-froteeratik-70x140-430g-m2\/"},"modified":"2026-01-07T13:30:19","modified_gmt":"2026-01-07T11:30:19","slug":"valge-froteeratik-70x140-430g-m2","status":"publish","type":"product","link":"https:\/\/nordicamenities.com\/fi\/toode\/valge-froteeratik-70x140-430g-m2\/","title":{"rendered":"Valge Froteer\u00e4tik 70&#215;140 430g\/m2"},"content":{"rendered":"<p>Lumivalged puuvillased r\u00e4tikud on kvaliteetsed ja vastupidavad, s\u00e4ilitades oma kauni v\u00e4limuse ka p\u00e4rast korduvaid pesemisi. Naturaalseid r\u00e4tikuid v\u00f5ib julgelt pesta, kuivatada ja triikida ning plekid eemalduvad kergesti. Puuvill on ideaalne valik tundlikule ja allergilisele nahale.<\/p>\n<p>380 g\/m\u00b2 r\u00e4tik on kerge, kuid samas kohev ja erakordselt pehme. See kuivab nahka kiiresti, imades endasse ka k\u00f5ige v\u00e4iksemad veetilgad. Pehmet puudutust ja suurep\u00e4rast imavust saab nautida iga kord p\u00e4rast vannis v\u00f5i du\u0161i all k\u00e4imist.<\/p>\n<p>R\u00e4tikuid on saadaval mitmes suuruses, mist\u00f5ttu saab h\u00f5lpsasti komplekte kokku panna vastavalt vajadusele.<\/p>\n<p>See naturaalne tekstiilitoode sobib suurep\u00e4raselt ka hotellidele, pakkudes k\u00fclalistele v\u00f5imalust kogeda t\u00f5eliselt kvaliteetset ja looduslikku kangast.<\/p>\n","protected":false},"excerpt":{"rendered":"<p>M\u00f5\u00f5t: 70x140cm<br \/>\n100% puuvill<br \/>\nGrammkaal 430g\/m2<br \/>\nValmistatud OEKO-TEX\u00ae STANDARD 100 sertifitseeritud kangast.<\/p>\n","protected":false},"featured_media":9786,"comment_status":"closed","ping_status":"open","template":"","meta":{"_acf_changed":false},"product_brand":[],"product_cat":[379],"product_tag":[],"class_list":{"0":"post-9793","1":"product","2":"type-product","3":"status-publish","4":"has-post-thumbnail","6":"product_cat-froteeratikud","8":"first","9":"instock","10":"taxable","11":"shipping-taxable","12":"purchasable","13":"product-type-simple"},"group_of_quantity":1,"min_quantity":1,"max_quantity":"","exclude_order_quantity_value_rules":"no","exclude_category_quantity_rules":"no","combine_variations":"no","acf":[],"_links":{"self":[{"href":"https:\/\/nordicamenities.com\/fi\/wp-json\/wp\/v2\/product\/9793","targetHints":{"allow":["GET"]}}],"collection":[{"href":"https:\/\/nordicamenities.com\/fi\/wp-json\/wp\/v2\/product"}],"about":[{"href":"https:\/\/nordicamenities.com\/fi\/wp-json\/wp\/v2\/types\/product"}],"replies":[{"embeddable":true,"href":"https:\/\/nordicamenities.com\/fi\/wp-json\/wp\/v2\/comments?post=9793"}],"wp:featuredmedia":[{"embeddable":true,"href":"https:\/\/nordicamenities.com\/fi\/wp-json\/wp\/v2\/media\/9786"}],"wp:attachment":[{"href":"https:\/\/nordicamenities.com\/fi\/wp-json\/wp\/v2\/media?parent=9793"}],"wp:term":[{"taxonomy":"product_brand","embeddable":true,"href":"https:\/\/nordicamenities.com\/fi\/wp-json\/wp\/v2\/product_brand?post=9793"},{"taxonomy":"product_cat","embeddable":true,"href":"https:\/\/nordicamenities.com\/fi\/wp-json\/wp\/v2\/product_cat?post=9793"},{"taxonomy":"product_tag","embeddable":true,"href":"https:\/\/nordicamenities.com\/fi\/wp-json\/wp\/v2\/product_tag?post=9793"}],"curies":[{"name":"wp","href":"https:\/\/api.w.org\/{rel}","templated":true}]}}