{"id":12094,"date":"2026-04-28T08:43:15","date_gmt":"2026-04-28T06:43:15","guid":{"rendered":"https:\/\/nordicamenities.com\/toode\/hommikumantel-vahvel\/"},"modified":"2026-04-28T08:43:20","modified_gmt":"2026-04-28T06:43:20","slug":"hommikumantel-vahvel","status":"publish","type":"product","link":"https:\/\/nordicamenities.com\/lv\/toode\/hommikumantel-vahvel\/","title":{"rendered":"Hommikumantel Vahvel"},"content":{"rendered":"<p>Toote m\u00f5\u00f5dud:<\/p>\n<p>Suurus S: hommikumantli pikkus 125 cm; rinna\u00fcmberm\u00f5\u00f5t 58 cm; varruka pikkus 58 cm;<br \/>\nSuurus M: hommikumantli pikkus 125 cm; rinna\u00fcmberm\u00f5\u00f5t 62 cm; varruka pikkus 58 cm;<br \/>\nSuurus L: hommikumantli pikkus 130 cm; rinna\u00fcmberm\u00f5\u00f5t 66 cm; varruka pikkus 58 cm;<br \/>\nSuurus XL: hommikumantli pikkus 130 cm; rinna\u00fcmberm\u00f5\u00f5t 70 cm; varruka pikkus 58 cm;<br \/>\nSuurus XXL: hommikumantli pikkus 132 cm; rinna\u00fcmberm\u00f5\u00f5t 74 cm; varruka pikkus 58 cm.<\/p>\n<p>See toode on valmistatud OEKO-TEX\u00ae STANDARD 100 sertifikaadiga kangast. Sertifikaat kinnitab, et kiudude t\u00f6\u00f6tlemisel ei ole kasutatud kahjulikke aineid ning et toode on ohutu, mitteallergeenne ja sobib ka lastele.<\/p>\n<p>T\u00e4helepanu!<\/p>\n<p>Et v\u00e4ltida kanga kvaliteedi halvenemist p\u00e4rast pesemist, soovitame toote enne pesu pahupidi keerata. Samuti pesta kuni 600 p\/min ja hoida temperatuuri 40 kraadi juures. Enne esmakordset kasutamist on soovitatav toodet pesta!<\/p>\n","protected":false},"excerpt":{"rendered":"<p>65% puuvill \/ 35% pol\u00fcester<br \/>\nGrammkaal 210g\/m2<br \/>\nValmistatud OEKO-TEX\u00ae STANDARD 100 sertifitseeritud kangast.<\/p>\n","protected":false},"featured_media":9830,"comment_status":"closed","ping_status":"open","template":"","meta":{"_acf_changed":false},"product_brand":[],"product_cat":[381],"product_tag":[],"class_list":{"0":"post-12094","1":"product","2":"type-product","3":"status-publish","4":"has-post-thumbnail","6":"product_cat-hommikumantlid","7":"pa_suurus-l","8":"pa_suurus-m","9":"pa_suurus-s","10":"pa_suurus-xl","11":"pa_suurus-xxl","13":"first","14":"instock","15":"taxable","16":"shipping-taxable","17":"purchasable","18":"product-type-variable"},"group_of_quantity":0,"min_quantity":1,"max_quantity":"","exclude_order_quantity_value_rules":"no","exclude_category_quantity_rules":"no","combine_variations":"no","acf":[],"_links":{"self":[{"href":"https:\/\/nordicamenities.com\/lv\/wp-json\/wp\/v2\/product\/12094","targetHints":{"allow":["GET"]}}],"collection":[{"href":"https:\/\/nordicamenities.com\/lv\/wp-json\/wp\/v2\/product"}],"about":[{"href":"https:\/\/nordicamenities.com\/lv\/wp-json\/wp\/v2\/types\/product"}],"replies":[{"embeddable":true,"href":"https:\/\/nordicamenities.com\/lv\/wp-json\/wp\/v2\/comments?post=12094"}],"wp:featuredmedia":[{"embeddable":true,"href":"https:\/\/nordicamenities.com\/lv\/wp-json\/wp\/v2\/media\/9830"}],"wp:attachment":[{"href":"https:\/\/nordicamenities.com\/lv\/wp-json\/wp\/v2\/media?parent=12094"}],"wp:term":[{"taxonomy":"product_brand","embeddable":true,"href":"https:\/\/nordicamenities.com\/lv\/wp-json\/wp\/v2\/product_brand?post=12094"},{"taxonomy":"product_cat","embeddable":true,"href":"https:\/\/nordicamenities.com\/lv\/wp-json\/wp\/v2\/product_cat?post=12094"},{"taxonomy":"product_tag","embeddable":true,"href":"https:\/\/nordicamenities.com\/lv\/wp-json\/wp\/v2\/product_tag?post=12094"}],"curies":[{"name":"wp","href":"https:\/\/api.w.org\/{rel}","templated":true}]}}