{"id":12235,"date":"2026-04-28T08:47:24","date_gmt":"2026-04-28T06:47:24","guid":{"rendered":"https:\/\/nordicamenities.com\/toode\/froteeratik-100x210-varviline\/"},"modified":"2026-04-28T08:47:31","modified_gmt":"2026-04-28T06:47:31","slug":"froteeratik-100x210-varviline","status":"publish","type":"product","link":"https:\/\/nordicamenities.com\/lv\/toode\/froteeratik-100x210-varviline\/","title":{"rendered":"Froteer\u00e4tik 100&#215;210 V\u00c4RVILINE"},"content":{"rendered":"<p>Meie valikust leiad kaunites toonides v\u00e4rvilised r\u00e4tikud, mis on valmistatud pehmest ja h\u00e4sti imavast puuvillast. Looduslik materjal on \u00f5hku l\u00e4bilaskev, \u00f5rn nahale ja sobib suurep\u00e4raselt ka tundlikule ning allergiale kalduvale nahale. Puuvillased r\u00e4tikud kuivatavad nahka pehmelt, lasevad sel hingata ja pakuvad t\u00f5eliselt mugavat tunnet.<\/p>\n<p>Klassikalised froteer\u00e4tikud on saadaval v\u00e4ga laias v\u00e4rvipaletis \u2013 heledatest ja pastellsetest kuni tumedate ja erksate toonideni. Valikus on \u00fcle neljak\u00fcmne v\u00e4rvi, nii et iga\u00fcks leiab endale sobiva. 380 g\/m\u00b2 r\u00e4tikud on minimalistliku stiiliga ja sobivad igasse vannituppa v\u00f5i sauna.<\/p>\n<p>K\u00f5ik r\u00e4tikud on valmistatud OEKO-TEX\u00ae STANDARD 100 sertifitseeritud kangast, mis tagab materjali ohutuse ja sobivuse ka lastele.<\/p>\n<p>T\u00e4helepanu!<br \/>\nR\u00e4tikute parima kvaliteedi s\u00e4ilitamiseks soovitame pesta kuni 600 rpm ja 40 \u00b0C juures. Enne esmakordset kasutamist pese r\u00e4tik l\u00e4bi.<br \/>\nToodete v\u00e4rvid v\u00f5ivad fotodel n\u00e4htavatest veidi erineda.<\/p>\n","protected":false},"excerpt":{"rendered":"<p>M\u00f5\u00f5t: 100x210cm<br \/>\n100% puuvill<br \/>\nGrammkaal 380g\/m2<br \/>\nValmistatud OEKO-TEX\u00ae STANDARD 100 sertifitseeritud kangast.<\/p>\n","protected":false},"featured_media":10277,"comment_status":"closed","ping_status":"open","template":"","meta":{"_acf_changed":false},"product_brand":[],"product_cat":[388],"product_tag":[],"class_list":{"0":"post-12235","1":"product","2":"type-product","3":"status-publish","4":"has-post-thumbnail","6":"product_cat-varvilised-froteeratikud","7":"pa_varv-dark-choco","8":"pa_varv-french-blue","9":"pa_varv-grass","10":"pa_varv-gray","11":"pa_varv-green","12":"pa_varv-iron-grey","13":"pa_varv-ivory","14":"pa_varv-latte","15":"pa_varv-light-brown","16":"pa_varv-must","17":"pa_varv-orange","18":"pa_varv-red","19":"pa_varv-silver-sconce","20":"pa_varv-taupe","22":"first","23":"instock","24":"taxable","25":"shipping-taxable","26":"purchasable","27":"product-type-variable"},"group_of_quantity":10,"min_quantity":1,"max_quantity":"","exclude_order_quantity_value_rules":"no","exclude_category_quantity_rules":"no","combine_variations":"no","acf":[],"_links":{"self":[{"href":"https:\/\/nordicamenities.com\/lv\/wp-json\/wp\/v2\/product\/12235","targetHints":{"allow":["GET"]}}],"collection":[{"href":"https:\/\/nordicamenities.com\/lv\/wp-json\/wp\/v2\/product"}],"about":[{"href":"https:\/\/nordicamenities.com\/lv\/wp-json\/wp\/v2\/types\/product"}],"replies":[{"embeddable":true,"href":"https:\/\/nordicamenities.com\/lv\/wp-json\/wp\/v2\/comments?post=12235"}],"wp:featuredmedia":[{"embeddable":true,"href":"https:\/\/nordicamenities.com\/lv\/wp-json\/wp\/v2\/media\/10277"}],"wp:attachment":[{"href":"https:\/\/nordicamenities.com\/lv\/wp-json\/wp\/v2\/media?parent=12235"}],"wp:term":[{"taxonomy":"product_brand","embeddable":true,"href":"https:\/\/nordicamenities.com\/lv\/wp-json\/wp\/v2\/product_brand?post=12235"},{"taxonomy":"product_cat","embeddable":true,"href":"https:\/\/nordicamenities.com\/lv\/wp-json\/wp\/v2\/product_cat?post=12235"},{"taxonomy":"product_tag","embeddable":true,"href":"https:\/\/nordicamenities.com\/lv\/wp-json\/wp\/v2\/product_tag?post=12235"}],"curies":[{"name":"wp","href":"https:\/\/api.w.org\/{rel}","templated":true}]}}