{"id":12292,"date":"2026-04-28T08:47:46","date_gmt":"2026-04-28T06:47:46","guid":{"rendered":"https:\/\/nordicamenities.com\/toode\/froteeratik-100x150-varviline-550h\/"},"modified":"2026-04-28T08:47:52","modified_gmt":"2026-04-28T06:47:52","slug":"froteeratik-100x150-varviline-550h","status":"publish","type":"product","link":"https:\/\/nordicamenities.com\/lv\/toode\/froteeratik-100x150-varviline-550h\/","title":{"rendered":"Froteer\u00e4tik 100&#215;150 V\u00c4RVILINE 550H"},"content":{"rendered":"<p>Vesi muudab naha tundlikuks ja kuivemaks, mist\u00f5ttu vajab see \u00f5rna hoolt. 550 g\/m\u00b2 r\u00e4tikud pakuvad maksimaalset pehmust \u2013 need on paksud, kohevad ja erakordselt nahas\u00f5bralikud, muutes iga kuivatamise t\u00f5eliselt m\u00f5nusaks.<\/p>\n<p>Puuvill on nahale parim valik: see on hingav, \u00f5rn, h\u00e4sti imav ja sobib ka tundlikule ning allergiale kalduvale nahale. Seet\u00f5ttu sobivad need r\u00e4tikud suurep\u00e4raselt kogu perele, ka lastele. R\u00e4tikud imavad kiiresti kogu niiskuse ja kuivatavad naha \u00f5rnalt seda \u00e4rritamata.<\/p>\n<p>550 g\/m\u00b2 kammpuuvill muudab r\u00e4tikud eriti vastupidavaks sagedasel pesemisel, mist\u00f5ttu on need hinnatud nii kodudes kui ka hotellides. Pehme ja tihe tekstuur annab r\u00e4tikutele luksusliku v\u00e4limuse ja tunde.<\/p>\n<p>Valikus on rikkalik toonide palett \u2013 pastellid, maal\u00e4hedased klassikud ja s\u00e4ravad v\u00e4rvid, et leiaksid oma vannituppa v\u00f5i sauna just selle \u00f5ige. Erinevad suurused v\u00f5imaldavad komplekteerida ka kauni ja praktilise kingituse.<\/p>\n<p>Toode on valmistatud OEKO-TEX\u00ae STANDARD 100 sertifitseeritud kangast, mis tagab materjali ohutuse ja sobivuse ka lastele.<\/p>\n<p>T\u00e4helepanu!<br \/>\nKvaliteedi s\u00e4ilitamiseks pese r\u00e4tikuid kuni 600 rpm ja 40 \u00b0C juures. Enne esimest kasutamist pese toode l\u00e4bi.<br \/>\nToonid v\u00f5ivad fotodel n\u00e4htavast pisut erineda.<\/p>\n","protected":false},"excerpt":{"rendered":"<p>M\u00f5\u00f5t: 100x150cm<br \/>\n100% puuvill<br \/>\nGrammkaal 550g\/m2<br \/>\nValmistatud OEKO-TEX\u00ae STANDARD 100 sertifitseeritud kangast.<\/p>\n","protected":false},"featured_media":10291,"comment_status":"closed","ping_status":"open","template":"","meta":{"_acf_changed":false},"product_brand":[],"product_cat":[388],"product_tag":[],"class_list":{"0":"post-12292","1":"product","2":"type-product","3":"status-publish","4":"has-post-thumbnail","6":"product_cat-varvilised-froteeratikud","7":"pa_varv-almond","8":"pa_varv-antracite","9":"pa_varv-beige","10":"pa_varv-dark-choco","11":"pa_varv-french-blue","12":"pa_varv-gray","13":"pa_varv-latte","14":"pa_varv-light-grey","15":"pa_varv-must","16":"pa_varv-oil-green","17":"pa_varv-red","18":"pa_varv-silver-sconce","19":"pa_varv-taupe","21":"first","22":"instock","23":"taxable","24":"shipping-taxable","25":"purchasable","26":"product-type-variable"},"group_of_quantity":10,"min_quantity":1,"max_quantity":"","exclude_order_quantity_value_rules":"no","exclude_category_quantity_rules":"no","combine_variations":"no","acf":[],"_links":{"self":[{"href":"https:\/\/nordicamenities.com\/lv\/wp-json\/wp\/v2\/product\/12292","targetHints":{"allow":["GET"]}}],"collection":[{"href":"https:\/\/nordicamenities.com\/lv\/wp-json\/wp\/v2\/product"}],"about":[{"href":"https:\/\/nordicamenities.com\/lv\/wp-json\/wp\/v2\/types\/product"}],"replies":[{"embeddable":true,"href":"https:\/\/nordicamenities.com\/lv\/wp-json\/wp\/v2\/comments?post=12292"}],"wp:featuredmedia":[{"embeddable":true,"href":"https:\/\/nordicamenities.com\/lv\/wp-json\/wp\/v2\/media\/10291"}],"wp:attachment":[{"href":"https:\/\/nordicamenities.com\/lv\/wp-json\/wp\/v2\/media?parent=12292"}],"wp:term":[{"taxonomy":"product_brand","embeddable":true,"href":"https:\/\/nordicamenities.com\/lv\/wp-json\/wp\/v2\/product_brand?post=12292"},{"taxonomy":"product_cat","embeddable":true,"href":"https:\/\/nordicamenities.com\/lv\/wp-json\/wp\/v2\/product_cat?post=12292"},{"taxonomy":"product_tag","embeddable":true,"href":"https:\/\/nordicamenities.com\/lv\/wp-json\/wp\/v2\/product_tag?post=12292"}],"curies":[{"name":"wp","href":"https:\/\/api.w.org\/{rel}","templated":true}]}}