{"id":12521,"date":"2026-04-28T13:19:58","date_gmt":"2026-04-28T11:19:58","guid":{"rendered":"https:\/\/nordicamenities.com\/toode\/intiimpesugeel-7ml-prija\/"},"modified":"2026-04-28T13:20:00","modified_gmt":"2026-04-28T11:20:00","slug":"intiimpesugeel-7ml-prija","status":"publish","type":"product","link":"https:\/\/nordicamenities.com\/lv\/toode\/intiimpesugeel-7ml-prija\/","title":{"rendered":"Intiimpesugeel 7ml, PRIJA"},"content":{"rendered":"<p>Nautige PRIJA kosmeetika looduslikke kasulikke omadusi. Nende spetsiaalsed aroomiteraapia ained on v\u00f5etud eksootilistest taimedest \u00fcle kogu maailma ning kreemid ja pesuvahendid on spetsiaalselt uuritud, et v\u00e4hendada allergilise reaktsiooni v\u00f5imalikkust tundlikule nahale.<\/p>\n","protected":false},"excerpt":{"rendered":"<p>Intiimpesugeel Aloe Vera ekstraktiga.<br \/>\nToodetud ja pakendatud Itaalias.<\/p>\n","protected":false},"featured_media":8920,"comment_status":"closed","ping_status":"open","template":"","meta":{"_acf_changed":false},"product_brand":[],"product_cat":[282],"product_tag":[222],"class_list":{"0":"post-12521","1":"product","2":"type-product","3":"status-publish","4":"has-post-thumbnail","6":"product_cat-prija","7":"product_tag-intiimpesu","9":"first","10":"instock","11":"taxable","12":"shipping-taxable","13":"purchasable","14":"product-type-simple"},"group_of_quantity":1000,"min_quantity":1000,"max_quantity":"","exclude_order_quantity_value_rules":"no","exclude_category_quantity_rules":"no","combine_variations":"no","acf":[],"_links":{"self":[{"href":"https:\/\/nordicamenities.com\/lv\/wp-json\/wp\/v2\/product\/12521","targetHints":{"allow":["GET"]}}],"collection":[{"href":"https:\/\/nordicamenities.com\/lv\/wp-json\/wp\/v2\/product"}],"about":[{"href":"https:\/\/nordicamenities.com\/lv\/wp-json\/wp\/v2\/types\/product"}],"replies":[{"embeddable":true,"href":"https:\/\/nordicamenities.com\/lv\/wp-json\/wp\/v2\/comments?post=12521"}],"wp:featuredmedia":[{"embeddable":true,"href":"https:\/\/nordicamenities.com\/lv\/wp-json\/wp\/v2\/media\/8920"}],"wp:attachment":[{"href":"https:\/\/nordicamenities.com\/lv\/wp-json\/wp\/v2\/media?parent=12521"}],"wp:term":[{"taxonomy":"product_brand","embeddable":true,"href":"https:\/\/nordicamenities.com\/lv\/wp-json\/wp\/v2\/product_brand?post=12521"},{"taxonomy":"product_cat","embeddable":true,"href":"https:\/\/nordicamenities.com\/lv\/wp-json\/wp\/v2\/product_cat?post=12521"},{"taxonomy":"product_tag","embeddable":true,"href":"https:\/\/nordicamenities.com\/lv\/wp-json\/wp\/v2\/product_tag?post=12521"}],"curies":[{"name":"wp","href":"https:\/\/api.w.org\/{rel}","templated":true}]}}