{"id":12533,"date":"2026-04-28T13:19:58","date_gmt":"2026-04-28T11:19:58","guid":{"rendered":"https:\/\/nordicamenities.com\/toode\/ihupiim-360ml-prija\/"},"modified":"2026-04-28T13:20:02","modified_gmt":"2026-04-28T11:20:02","slug":"ihupiim-360ml-prija","status":"publish","type":"product","link":"https:\/\/nordicamenities.com\/lv\/toode\/ihupiim-360ml-prija\/","title":{"rendered":"Ihupiim 360ml PRIJA"},"content":{"rendered":"<p>Nautige PRIJA kosmeetika looduslikke kasulikke omadusi. Nende spetsiaalsed aroomiteraapia ained on v\u00f5etud eksootilistest taimedest \u00fcle kogu maailma ning kreemid ja pesuvahendid on spetsiaalselt uuritud, et v\u00e4hendada allergilise reaktsiooni v\u00f5imalikkust tundlikule nahale.<\/p>\n","protected":false},"excerpt":{"rendered":"<p>Niisutav ja taastav E-vitamiiniga ihupiim.<br \/>\nE-vitamiin tagab t\u00f5husa kaitse enneaegse naha vananemise eest ja h\u00fcaluroonhappe l\u00e4hteained aitavad s\u00e4ilitada naha \u00f5iget niiskust. Seda toodet iseloomustab kompleksne v\u00fcrtsikas aroom, mis annab teile parema l\u00f5dvestunud heaolu.<\/p>\n<p>Pudel on valmistatud 100% taskasutatud plastikust<br \/>\nToodetud ja pakendatud Itaalias!<\/p>\n","protected":false},"featured_media":4330,"comment_status":"closed","ping_status":"open","template":"","meta":{"_acf_changed":false},"product_brand":[],"product_cat":[279,282,285],"product_tag":[45],"class_list":{"0":"post-12533","1":"product","2":"type-product","3":"status-publish","4":"has-post-thumbnail","6":"product_cat-cysoap","7":"product_cat-prija","8":"product_cat-prija-cysoap","9":"product_tag-ihupiim","11":"first","12":"instock","13":"taxable","14":"shipping-taxable","15":"purchasable","16":"product-type-simple"},"group_of_quantity":18,"min_quantity":18,"max_quantity":"","exclude_order_quantity_value_rules":"no","exclude_category_quantity_rules":"no","combine_variations":"no","acf":[],"_links":{"self":[{"href":"https:\/\/nordicamenities.com\/lv\/wp-json\/wp\/v2\/product\/12533","targetHints":{"allow":["GET"]}}],"collection":[{"href":"https:\/\/nordicamenities.com\/lv\/wp-json\/wp\/v2\/product"}],"about":[{"href":"https:\/\/nordicamenities.com\/lv\/wp-json\/wp\/v2\/types\/product"}],"replies":[{"embeddable":true,"href":"https:\/\/nordicamenities.com\/lv\/wp-json\/wp\/v2\/comments?post=12533"}],"wp:featuredmedia":[{"embeddable":true,"href":"https:\/\/nordicamenities.com\/lv\/wp-json\/wp\/v2\/media\/4330"}],"wp:attachment":[{"href":"https:\/\/nordicamenities.com\/lv\/wp-json\/wp\/v2\/media?parent=12533"}],"wp:term":[{"taxonomy":"product_brand","embeddable":true,"href":"https:\/\/nordicamenities.com\/lv\/wp-json\/wp\/v2\/product_brand?post=12533"},{"taxonomy":"product_cat","embeddable":true,"href":"https:\/\/nordicamenities.com\/lv\/wp-json\/wp\/v2\/product_cat?post=12533"},{"taxonomy":"product_tag","embeddable":true,"href":"https:\/\/nordicamenities.com\/lv\/wp-json\/wp\/v2\/product_tag?post=12533"}],"curies":[{"name":"wp","href":"https:\/\/api.w.org\/{rel}","templated":true}]}}