{"id":12556,"date":"2026-04-28T13:20:08","date_gmt":"2026-04-28T11:20:08","guid":{"rendered":"https:\/\/nordicamenities.com\/toode\/dusimuts-prija\/"},"modified":"2026-04-28T13:20:09","modified_gmt":"2026-04-28T11:20:09","slug":"dusimuts-prija","status":"publish","type":"product","link":"https:\/\/nordicamenities.com\/lv\/toode\/dusimuts-prija\/","title":{"rendered":"Du\u0161im\u00fcts PRIJA"},"content":{"rendered":"","protected":false},"excerpt":{"rendered":"<p>Du\u0161im\u00fcts karbis<\/p>\n<p>KARBI M\u00d5\u00d5DUD<br \/>\n8,5 x 5,3 x 1 cm<\/p>\n","protected":false},"featured_media":4418,"comment_status":"closed","ping_status":"open","template":"","meta":{"_acf_changed":false},"product_brand":[],"product_cat":[282],"product_tag":[49],"class_list":{"0":"post-12556","1":"product","2":"type-product","3":"status-publish","4":"has-post-thumbnail","6":"product_cat-prija","7":"product_tag-dusimuts","9":"first","10":"instock","11":"taxable","12":"shipping-taxable","13":"purchasable","14":"product-type-simple"},"group_of_quantity":1000,"min_quantity":1000,"max_quantity":"","exclude_order_quantity_value_rules":"no","exclude_category_quantity_rules":"no","combine_variations":"no","acf":[],"_links":{"self":[{"href":"https:\/\/nordicamenities.com\/lv\/wp-json\/wp\/v2\/product\/12556","targetHints":{"allow":["GET"]}}],"collection":[{"href":"https:\/\/nordicamenities.com\/lv\/wp-json\/wp\/v2\/product"}],"about":[{"href":"https:\/\/nordicamenities.com\/lv\/wp-json\/wp\/v2\/types\/product"}],"replies":[{"embeddable":true,"href":"https:\/\/nordicamenities.com\/lv\/wp-json\/wp\/v2\/comments?post=12556"}],"wp:featuredmedia":[{"embeddable":true,"href":"https:\/\/nordicamenities.com\/lv\/wp-json\/wp\/v2\/media\/4418"}],"wp:attachment":[{"href":"https:\/\/nordicamenities.com\/lv\/wp-json\/wp\/v2\/media?parent=12556"}],"wp:term":[{"taxonomy":"product_brand","embeddable":true,"href":"https:\/\/nordicamenities.com\/lv\/wp-json\/wp\/v2\/product_brand?post=12556"},{"taxonomy":"product_cat","embeddable":true,"href":"https:\/\/nordicamenities.com\/lv\/wp-json\/wp\/v2\/product_cat?post=12556"},{"taxonomy":"product_tag","embeddable":true,"href":"https:\/\/nordicamenities.com\/lv\/wp-json\/wp\/v2\/product_tag?post=12556"}],"curies":[{"name":"wp","href":"https:\/\/api.w.org\/{rel}","templated":true}]}}