{"id":12558,"date":"2026-04-28T13:20:08","date_gmt":"2026-04-28T11:20:08","guid":{"rendered":"https:\/\/nordicamenities.com\/toode\/kuuneviil-prija\/"},"modified":"2026-04-28T13:20:09","modified_gmt":"2026-04-28T11:20:09","slug":"kuuneviil-prija","status":"publish","type":"product","link":"https:\/\/nordicamenities.com\/lv\/toode\/kuuneviil-prija\/","title":{"rendered":"K\u00fc\u00fcneviil PRIJA"},"content":{"rendered":"","protected":false},"excerpt":{"rendered":"<p>K\u00fc\u00fcneviil karbis<\/p>\n<p>SISALDAB<br \/>\n1 k\u00fc\u00fcneviil<br \/>\n1 Puidust k\u00fc\u00fcnehooldus pulk<\/p>\n<p>M\u00d5\u00d5DUD<br \/>\n3,2 x 12,9 cm<\/p>\n","protected":false},"featured_media":4424,"comment_status":"closed","ping_status":"open","template":"","meta":{"_acf_changed":false},"product_brand":[],"product_cat":[282],"product_tag":[],"class_list":{"0":"post-12558","1":"product","2":"type-product","3":"status-publish","4":"has-post-thumbnail","6":"product_cat-prija","8":"first","9":"instock","10":"taxable","11":"shipping-taxable","12":"purchasable","13":"product-type-simple"},"group_of_quantity":1000,"min_quantity":1000,"max_quantity":"","exclude_order_quantity_value_rules":"no","exclude_category_quantity_rules":"no","combine_variations":"no","acf":[],"_links":{"self":[{"href":"https:\/\/nordicamenities.com\/lv\/wp-json\/wp\/v2\/product\/12558","targetHints":{"allow":["GET"]}}],"collection":[{"href":"https:\/\/nordicamenities.com\/lv\/wp-json\/wp\/v2\/product"}],"about":[{"href":"https:\/\/nordicamenities.com\/lv\/wp-json\/wp\/v2\/types\/product"}],"replies":[{"embeddable":true,"href":"https:\/\/nordicamenities.com\/lv\/wp-json\/wp\/v2\/comments?post=12558"}],"wp:featuredmedia":[{"embeddable":true,"href":"https:\/\/nordicamenities.com\/lv\/wp-json\/wp\/v2\/media\/4424"}],"wp:attachment":[{"href":"https:\/\/nordicamenities.com\/lv\/wp-json\/wp\/v2\/media?parent=12558"}],"wp:term":[{"taxonomy":"product_brand","embeddable":true,"href":"https:\/\/nordicamenities.com\/lv\/wp-json\/wp\/v2\/product_brand?post=12558"},{"taxonomy":"product_cat","embeddable":true,"href":"https:\/\/nordicamenities.com\/lv\/wp-json\/wp\/v2\/product_cat?post=12558"},{"taxonomy":"product_tag","embeddable":true,"href":"https:\/\/nordicamenities.com\/lv\/wp-json\/wp\/v2\/product_tag?post=12558"}],"curies":[{"name":"wp","href":"https:\/\/api.w.org\/{rel}","templated":true}]}}