{"id":12562,"date":"2026-04-28T13:20:08","date_gmt":"2026-04-28T11:20:08","guid":{"rendered":"https:\/\/nordicamenities.com\/toode\/ombluskomplekt-prija\/"},"modified":"2026-04-28T13:20:09","modified_gmt":"2026-04-28T11:20:09","slug":"ombluskomplekt-prija","status":"publish","type":"product","link":"https:\/\/nordicamenities.com\/lv\/toode\/ombluskomplekt-prija\/","title":{"rendered":"\u00d5mbluskomplekt PRIJA"},"content":{"rendered":"","protected":false},"excerpt":{"rendered":"<p>\u00d5mbluskomplekt karbis<\/p>\n<p>sisaldab<br \/>\n6 tk v\u00e4rvilised niidid<br \/>\n2 l\u00e4bipaistvat n\u00f6\u00f6pi<br \/>\n1 haakn\u00f5el<br \/>\n1 \u00f5mblusn\u00f5el<\/p>\n<p>M\u00d5\u00d5DUD<br \/>\n5,4 x 5 x 6,7 cm<\/p>\n","protected":false},"featured_media":4420,"comment_status":"closed","ping_status":"open","template":"","meta":{"_acf_changed":false},"product_brand":[],"product_cat":[282],"product_tag":[51],"class_list":{"0":"post-12562","1":"product","2":"type-product","3":"status-publish","4":"has-post-thumbnail","6":"product_cat-prija","7":"product_tag-ombluskomplekt","9":"first","10":"instock","11":"taxable","12":"shipping-taxable","13":"purchasable","14":"product-type-simple"},"group_of_quantity":1000,"min_quantity":1000,"max_quantity":"","exclude_order_quantity_value_rules":"no","exclude_category_quantity_rules":"no","combine_variations":"no","acf":[],"_links":{"self":[{"href":"https:\/\/nordicamenities.com\/lv\/wp-json\/wp\/v2\/product\/12562","targetHints":{"allow":["GET"]}}],"collection":[{"href":"https:\/\/nordicamenities.com\/lv\/wp-json\/wp\/v2\/product"}],"about":[{"href":"https:\/\/nordicamenities.com\/lv\/wp-json\/wp\/v2\/types\/product"}],"replies":[{"embeddable":true,"href":"https:\/\/nordicamenities.com\/lv\/wp-json\/wp\/v2\/comments?post=12562"}],"wp:featuredmedia":[{"embeddable":true,"href":"https:\/\/nordicamenities.com\/lv\/wp-json\/wp\/v2\/media\/4420"}],"wp:attachment":[{"href":"https:\/\/nordicamenities.com\/lv\/wp-json\/wp\/v2\/media?parent=12562"}],"wp:term":[{"taxonomy":"product_brand","embeddable":true,"href":"https:\/\/nordicamenities.com\/lv\/wp-json\/wp\/v2\/product_brand?post=12562"},{"taxonomy":"product_cat","embeddable":true,"href":"https:\/\/nordicamenities.com\/lv\/wp-json\/wp\/v2\/product_cat?post=12562"},{"taxonomy":"product_tag","embeddable":true,"href":"https:\/\/nordicamenities.com\/lv\/wp-json\/wp\/v2\/product_tag?post=12562"}],"curies":[{"name":"wp","href":"https:\/\/api.w.org\/{rel}","templated":true}]}}