{"id":12581,"date":"2026-04-28T13:20:13","date_gmt":"2026-04-28T11:20:13","guid":{"rendered":"https:\/\/nordicamenities.com\/toode\/masseeriv-seep-20g-anyah\/"},"modified":"2026-04-28T13:20:14","modified_gmt":"2026-04-28T11:20:14","slug":"masseeriv-seep-20g-anyah","status":"publish","type":"product","link":"https:\/\/nordicamenities.com\/lv\/toode\/masseeriv-seep-20g-anyah\/","title":{"rendered":"Masseeriv Seep 20g ANYAH"},"content":{"rendered":"<p>P\u00f5hjamaade \u00f6kom\u00e4rgis on kosmeetikam\u00e4rgis, mis hoolib keskkonnast ja hindab keskkonnam\u00f5ju kogu eluts\u00fckli jooksul alates koostisest kuni pakendamiseni ja kuni utiliseerimiseni. Lisaks \u00f6koloogilisele aspektile, mis on P\u00f5hjamaade \u00f6kom\u00e4rgise v\u00f5tmeosa, p\u00f6\u00f6rame t\u00e4helepanu ka t\u00f5hususele ja naha taluvusele, valides \u00f6kom\u00e4rgise reeglitele vastavad koostisained ja paigutades need sobiva kontsentratsiooniga kostisesse, alustades pindaktiivsetest ainetest.<\/p>\n<p>Anyhai sari v\u00f5tab arvesse m\u00f5ju keskkonnale, mille t\u00f5endatud eluts\u00fckli hinnang on n\u00e4idatud otse etiketil. Eluts\u00fckli hindamine (LCA) on uuenduslik l\u00e4henemisviis, mis on v\u00f5imaldanud meil arvutada Anyah pakendi keskkonnam\u00f5ju, toote kogu eluts\u00fckli jooksul.<\/p>\n<p>LCA ARVUTAMINE J\u00c4\u00c4TMETE V\u00c4HENDAMISEKS<br \/>\nANYAH FLOW PACK SEEP 2,19g CO2<br \/>\nPABER PAKEND 10,52g CO2<\/p>\n","protected":false},"excerpt":{"rendered":"<p>Jojoba\u00f5liga rikastatud taimne seep, mis on nahale h\u00e4sti sobiv t\u00e4nu oma koostisosade k\u00f5rgele kvaliteedile.<\/p>\n<p>P\u00f5hjamaade \u00f6kom\u00e4rgise sertifitseering.<\/p>\n<p>Toodetud ja pakendatud Itaalias!<\/p>\n","protected":false},"featured_media":3756,"comment_status":"closed","ping_status":"open","template":"","meta":{"_acf_changed":false},"product_brand":[],"product_cat":[287],"product_tag":[46],"class_list":{"0":"post-12581","1":"product","2":"type-product","3":"status-publish","4":"has-post-thumbnail","6":"product_cat-anyah","7":"product_tag-seep","9":"first","10":"instock","11":"taxable","12":"shipping-taxable","13":"purchasable","14":"product-type-simple"},"group_of_quantity":18,"min_quantity":18,"max_quantity":"","exclude_order_quantity_value_rules":"no","exclude_category_quantity_rules":"no","combine_variations":"no","acf":[],"_links":{"self":[{"href":"https:\/\/nordicamenities.com\/lv\/wp-json\/wp\/v2\/product\/12581","targetHints":{"allow":["GET"]}}],"collection":[{"href":"https:\/\/nordicamenities.com\/lv\/wp-json\/wp\/v2\/product"}],"about":[{"href":"https:\/\/nordicamenities.com\/lv\/wp-json\/wp\/v2\/types\/product"}],"replies":[{"embeddable":true,"href":"https:\/\/nordicamenities.com\/lv\/wp-json\/wp\/v2\/comments?post=12581"}],"wp:featuredmedia":[{"embeddable":true,"href":"https:\/\/nordicamenities.com\/lv\/wp-json\/wp\/v2\/media\/3756"}],"wp:attachment":[{"href":"https:\/\/nordicamenities.com\/lv\/wp-json\/wp\/v2\/media?parent=12581"}],"wp:term":[{"taxonomy":"product_brand","embeddable":true,"href":"https:\/\/nordicamenities.com\/lv\/wp-json\/wp\/v2\/product_brand?post=12581"},{"taxonomy":"product_cat","embeddable":true,"href":"https:\/\/nordicamenities.com\/lv\/wp-json\/wp\/v2\/product_cat?post=12581"},{"taxonomy":"product_tag","embeddable":true,"href":"https:\/\/nordicamenities.com\/lv\/wp-json\/wp\/v2\/product_tag?post=12581"}],"curies":[{"name":"wp","href":"https:\/\/api.w.org\/{rel}","templated":true}]}}