{"id":12600,"date":"2026-04-28T13:20:19","date_gmt":"2026-04-28T11:20:19","guid":{"rendered":"https:\/\/nordicamenities.com\/toode\/pimskivi-anyah\/"},"modified":"2026-04-28T13:20:20","modified_gmt":"2026-04-28T11:20:20","slug":"pimskivi-anyah","status":"publish","type":"product","link":"https:\/\/nordicamenities.com\/lv\/toode\/pimskivi-anyah\/","title":{"rendered":"Pimskivi ANYAH"},"content":{"rendered":"","protected":false},"excerpt":{"rendered":"<p>Anyah pimsskivi sobib suurep\u00e4raselt pedik\u00fc\u00fcriks ja jalgade regulaarseks hoolduseks. Ideaalne plekkide, konnasilmade ja kalluste koorimiseks ja eemaldamiseks.<br \/>\nASPEKT<br \/>\nAnyah aitab teil keskkonna eest hoolitseda. Pakend on valmistatud taaskasutatud paberist (85%) ja paberimassist (15%), mis on tr\u00fckitud sojap\u00f5hise tintiga.<\/p>\n","protected":false},"featured_media":3726,"comment_status":"closed","ping_status":"open","template":"","meta":{"_acf_changed":false},"product_brand":[],"product_cat":[287],"product_tag":[],"class_list":{"0":"post-12600","1":"product","2":"type-product","3":"status-publish","4":"has-post-thumbnail","6":"product_cat-anyah","8":"first","9":"instock","10":"taxable","11":"shipping-taxable","12":"purchasable","13":"product-type-simple"},"group_of_quantity":100,"min_quantity":100,"max_quantity":"","exclude_order_quantity_value_rules":"no","exclude_category_quantity_rules":"no","combine_variations":"no","acf":[],"_links":{"self":[{"href":"https:\/\/nordicamenities.com\/lv\/wp-json\/wp\/v2\/product\/12600","targetHints":{"allow":["GET"]}}],"collection":[{"href":"https:\/\/nordicamenities.com\/lv\/wp-json\/wp\/v2\/product"}],"about":[{"href":"https:\/\/nordicamenities.com\/lv\/wp-json\/wp\/v2\/types\/product"}],"replies":[{"embeddable":true,"href":"https:\/\/nordicamenities.com\/lv\/wp-json\/wp\/v2\/comments?post=12600"}],"wp:featuredmedia":[{"embeddable":true,"href":"https:\/\/nordicamenities.com\/lv\/wp-json\/wp\/v2\/media\/3726"}],"wp:attachment":[{"href":"https:\/\/nordicamenities.com\/lv\/wp-json\/wp\/v2\/media?parent=12600"}],"wp:term":[{"taxonomy":"product_brand","embeddable":true,"href":"https:\/\/nordicamenities.com\/lv\/wp-json\/wp\/v2\/product_brand?post=12600"},{"taxonomy":"product_cat","embeddable":true,"href":"https:\/\/nordicamenities.com\/lv\/wp-json\/wp\/v2\/product_cat?post=12600"},{"taxonomy":"product_tag","embeddable":true,"href":"https:\/\/nordicamenities.com\/lv\/wp-json\/wp\/v2\/product_tag?post=12600"}],"curies":[{"name":"wp","href":"https:\/\/api.w.org\/{rel}","templated":true}]}}