{"id":12611,"date":"2026-04-28T13:20:19","date_gmt":"2026-04-28T11:20:19","guid":{"rendered":"https:\/\/nordicamenities.com\/toode\/ihupiim-30ml-travel-care\/"},"modified":"2026-04-28T13:20:21","modified_gmt":"2026-04-28T11:20:21","slug":"ihupiim-30ml-travel-care","status":"publish","type":"product","link":"https:\/\/nordicamenities.com\/lv\/toode\/ihupiim-30ml-travel-care\/","title":{"rendered":"Ihupiim 30ml TRAVEL CARE"},"content":{"rendered":"","protected":false},"excerpt":{"rendered":"<p>TRAVEL CARE\u2019i ihupiim vitamiin-E ja Shea v\u00f5iga, imendub kiiresti ja j\u00e4tab naha siledaks ning tagab pikaajalise niisutuse.<br \/>\nNiisutus effektiivsus:<br \/>\nSee kreem suurendab naha niiskuse taset +19,3% p\u00e4rast 60 minutit, j\u00e4ttes naha niisutatuks ka p\u00e4rast 24 tundi (+9%).<br \/>\n***S\u00f5ltumatu laboratoonre test &#8211; 20 t\u00e4iskasvanut 24h<\/p>\n<p>Toodetud ja pakendatud Itaalias!<\/p>\n","protected":false},"featured_media":4482,"comment_status":"closed","ping_status":"open","template":"","meta":{"_acf_changed":false},"product_brand":[],"product_cat":[291],"product_tag":[45],"class_list":{"0":"post-12611","1":"product","2":"type-product","3":"status-publish","4":"has-post-thumbnail","6":"product_cat-travel-care","7":"product_tag-ihupiim","9":"first","10":"instock","11":"taxable","12":"shipping-taxable","13":"purchasable","14":"product-type-simple"},"group_of_quantity":300,"min_quantity":300,"max_quantity":"","exclude_order_quantity_value_rules":"no","exclude_category_quantity_rules":"no","combine_variations":"no","acf":[],"_links":{"self":[{"href":"https:\/\/nordicamenities.com\/lv\/wp-json\/wp\/v2\/product\/12611","targetHints":{"allow":["GET"]}}],"collection":[{"href":"https:\/\/nordicamenities.com\/lv\/wp-json\/wp\/v2\/product"}],"about":[{"href":"https:\/\/nordicamenities.com\/lv\/wp-json\/wp\/v2\/types\/product"}],"replies":[{"embeddable":true,"href":"https:\/\/nordicamenities.com\/lv\/wp-json\/wp\/v2\/comments?post=12611"}],"wp:featuredmedia":[{"embeddable":true,"href":"https:\/\/nordicamenities.com\/lv\/wp-json\/wp\/v2\/media\/4482"}],"wp:attachment":[{"href":"https:\/\/nordicamenities.com\/lv\/wp-json\/wp\/v2\/media?parent=12611"}],"wp:term":[{"taxonomy":"product_brand","embeddable":true,"href":"https:\/\/nordicamenities.com\/lv\/wp-json\/wp\/v2\/product_brand?post=12611"},{"taxonomy":"product_cat","embeddable":true,"href":"https:\/\/nordicamenities.com\/lv\/wp-json\/wp\/v2\/product_cat?post=12611"},{"taxonomy":"product_tag","embeddable":true,"href":"https:\/\/nordicamenities.com\/lv\/wp-json\/wp\/v2\/product_tag?post=12611"}],"curies":[{"name":"wp","href":"https:\/\/api.w.org\/{rel}","templated":true}]}}