{"id":12664,"date":"2026-04-28T13:20:30","date_gmt":"2026-04-28T11:20:30","guid":{"rendered":"https:\/\/nordicamenities.com\/toode\/juuksepalsam-340ml-geneva-guild\/"},"modified":"2026-04-28T13:20:31","modified_gmt":"2026-04-28T11:20:31","slug":"juuksepalsam-340ml-geneva-guild","status":"publish","type":"product","link":"https:\/\/nordicamenities.com\/lv\/toode\/juuksepalsam-340ml-geneva-guild\/","title":{"rendered":"Juuksepalsam 340ml GENEVA GUILD"},"content":{"rendered":"","protected":false},"excerpt":{"rendered":"<p>GENEVA GUILD juuksepalsam on rikastatud h\u00fcdrol\u00fc\u00fcsitud siidivalkudega ja kummeli ekstraktidega, mis kaitsevad juukseid, v\u00e4hendab pusasid ja j\u00e4tab juuksed \u00f5rnalt l\u00e4ikivaks.<\/p>\n<p>Toodetud ja pakendatud Itaalias!<\/p>\n","protected":false},"featured_media":4100,"comment_status":"closed","ping_status":"open","template":"","meta":{"_acf_changed":false},"product_brand":[],"product_cat":[297,298,289],"product_tag":[44],"class_list":{"0":"post-12664","1":"product","2":"type-product","3":"status-publish","4":"has-post-thumbnail","6":"product_cat-geneva-guild","7":"product_cat-geneva-guild-swing-me","8":"product_cat-swing-me","9":"product_tag-juuksepalsam","11":"first","12":"instock","13":"taxable","14":"shipping-taxable","15":"purchasable","16":"product-type-simple"},"group_of_quantity":24,"min_quantity":24,"max_quantity":"","exclude_order_quantity_value_rules":"no","exclude_category_quantity_rules":"no","combine_variations":"no","acf":[],"_links":{"self":[{"href":"https:\/\/nordicamenities.com\/lv\/wp-json\/wp\/v2\/product\/12664","targetHints":{"allow":["GET"]}}],"collection":[{"href":"https:\/\/nordicamenities.com\/lv\/wp-json\/wp\/v2\/product"}],"about":[{"href":"https:\/\/nordicamenities.com\/lv\/wp-json\/wp\/v2\/types\/product"}],"replies":[{"embeddable":true,"href":"https:\/\/nordicamenities.com\/lv\/wp-json\/wp\/v2\/comments?post=12664"}],"wp:featuredmedia":[{"embeddable":true,"href":"https:\/\/nordicamenities.com\/lv\/wp-json\/wp\/v2\/media\/4100"}],"wp:attachment":[{"href":"https:\/\/nordicamenities.com\/lv\/wp-json\/wp\/v2\/media?parent=12664"}],"wp:term":[{"taxonomy":"product_brand","embeddable":true,"href":"https:\/\/nordicamenities.com\/lv\/wp-json\/wp\/v2\/product_brand?post=12664"},{"taxonomy":"product_cat","embeddable":true,"href":"https:\/\/nordicamenities.com\/lv\/wp-json\/wp\/v2\/product_cat?post=12664"},{"taxonomy":"product_tag","embeddable":true,"href":"https:\/\/nordicamenities.com\/lv\/wp-json\/wp\/v2\/product_tag?post=12664"}],"curies":[{"name":"wp","href":"https:\/\/api.w.org\/{rel}","templated":true}]}}