{"id":1269,"date":"2024-03-14T07:33:37","date_gmt":"2024-03-14T07:33:37","guid":{"rendered":"https:\/\/nordicamenities.eu\/toode\/kingapuhastusmasin-cosmo-plus\/"},"modified":"2026-04-28T08:30:59","modified_gmt":"2026-04-28T06:30:59","slug":"kingapuhastusmasin-cosmo-plus","status":"publish","type":"product","link":"https:\/\/nordicamenities.com\/lv\/toode\/kingapuhastusmasin-cosmo-plus\/","title":{"rendered":"Kingapuhastusmasin COSMO PLUS"},"content":{"rendered":"","protected":false},"excerpt":{"rendered":"<p>Tehnilised andmed<br \/>\nM\u00f5\u00f5dud: 60 cm x 38 cm x 95 cm (L x S x K)<br \/>\nAlumiiniumist korpus<br \/>\nKaal 16kg<br \/>\nHobusej\u00f5hvist\u00a0eelpuhastushari<br \/>\nEelpuhastushari \u00f8 13 cm<br \/>\n2 poleerimisharja \u00f8 13 cm<br \/>\nKingavaha\u00a0anum 0,75 liitrit<br \/>\nMehhaaniline sisse-ja v\u00e4ljal\u00fclitus k\u00e4epidemel<br \/>\nToide: 230 V<br \/>\nMootor: 130 Watt \/ 1.200 R \/ min<\/p>\n","protected":false},"featured_media":1203,"comment_status":"closed","ping_status":"open","template":"","meta":{"_acf_changed":false},"product_brand":[],"product_cat":[93],"product_tag":[],"class_list":{"0":"post-1269","1":"product","2":"type-product","3":"status-publish","4":"has-post-thumbnail","6":"product_cat-kingapuhastusmasinad","7":"pa_varv-bordeaux","8":"pa_varv-graphite","9":"pa_varv-hobedane","10":"pa_varv-light-ivory","11":"pa_varv-must","12":"pa_varv-sinine","13":"pa_varv-valge","15":"first","16":"instock","17":"taxable","18":"shipping-taxable","19":"purchasable","20":"product-type-variable"},"group_of_quantity":1,"min_quantity":1,"max_quantity":"","exclude_order_quantity_value_rules":"no","exclude_category_quantity_rules":"no","combine_variations":"no","acf":[],"_links":{"self":[{"href":"https:\/\/nordicamenities.com\/lv\/wp-json\/wp\/v2\/product\/1269","targetHints":{"allow":["GET"]}}],"collection":[{"href":"https:\/\/nordicamenities.com\/lv\/wp-json\/wp\/v2\/product"}],"about":[{"href":"https:\/\/nordicamenities.com\/lv\/wp-json\/wp\/v2\/types\/product"}],"replies":[{"embeddable":true,"href":"https:\/\/nordicamenities.com\/lv\/wp-json\/wp\/v2\/comments?post=1269"}],"wp:featuredmedia":[{"embeddable":true,"href":"https:\/\/nordicamenities.com\/lv\/wp-json\/wp\/v2\/media\/1203"}],"wp:attachment":[{"href":"https:\/\/nordicamenities.com\/lv\/wp-json\/wp\/v2\/media?parent=1269"}],"wp:term":[{"taxonomy":"product_brand","embeddable":true,"href":"https:\/\/nordicamenities.com\/lv\/wp-json\/wp\/v2\/product_brand?post=1269"},{"taxonomy":"product_cat","embeddable":true,"href":"https:\/\/nordicamenities.com\/lv\/wp-json\/wp\/v2\/product_cat?post=1269"},{"taxonomy":"product_tag","embeddable":true,"href":"https:\/\/nordicamenities.com\/lv\/wp-json\/wp\/v2\/product_tag?post=1269"}],"curies":[{"name":"wp","href":"https:\/\/api.w.org\/{rel}","templated":true}]}}