{"id":12692,"date":"2026-04-28T13:20:34","date_gmt":"2026-04-28T11:20:34","guid":{"rendered":"https:\/\/nordicamenities.com\/toode\/0m-juukse-ja-kehasampoon-30ml-dadaumpa\/"},"modified":"2026-04-28T13:20:36","modified_gmt":"2026-04-28T11:20:36","slug":"0m-juukse-ja-kehasampoon-30ml-dadaumpa","status":"publish","type":"product","link":"https:\/\/nordicamenities.com\/lv\/toode\/0m-juukse-ja-kehasampoon-30ml-dadaumpa\/","title":{"rendered":"0M+ Juukse- ja Keha\u0161ampoon 30ml DADAUMPA"},"content":{"rendered":"<p>Sertifitseeriud Ecocert Greenlife\u2019i poolt ORGANIC* sertifikaadiga.<br \/>\n*Ecocert Greenlife Cosmos Organic sertifikaadist saab lugeda siit: http:\/\/COSMOS.ecocert.com<\/p>\n<p>Delikaatse mandli, mee ja roosi aroomiga \u00f5rn juukse- ja kehashampoon, mis ei vahuta, kuid see ei muuda toodet v\u00e4hem effektiivseks. Tegelikult, beebide ei ole vaja puhastamiseks vahtu!<br \/>\nLastearsti j\u00e4revlvalve all tesotatud kliinilised testid.<br \/>\nK\u00f5rge toote taluvus ja terve nahk &#8211; s\u00f5ltumatul labotratoorsel testil 20 beebit vanuses 1 kuu kuni 5 aastat normaalsetes kasutustingimustes 30p\u00e4eva jooksul.<br \/>\nNiisutamisv\u00f5ime hindamine \u2013 juukse- ja keha\u0161ampoon suurendab naha niisutust +8,8% p\u00e4rast 60minutit j\u00e4ttes naha niisutatuks ka p\u00e4rast 24h m\u00f6\u00f6dumist (+4,7%). S\u00f5ltumatu laboratoonre test &#8211; 20 t\u00e4iskasvanut 24h<br \/>\nPisarate vaba test:<br \/>\nOftamoloogilise j\u00e4relvalve all teostatud silmade taluvuse test n\u00e4itas \u201c Ei pisaratele\u201d. S\u00f5ltumatu laboratoorne test maksimaalselt 3 minutit 15 tundlike silmadega vabatahtliku (vanuses \u00fcle 18 a.).<\/p>\n","protected":false},"excerpt":{"rendered":"<p>Eriti pehmelt ja \u00f5rnalt puhastav Du\u0161igeel, mis sisaldab rikkalikult orgaanilist Almondi \u00f5li, mis j\u00e4tab naha pehmeks ja niisutatuks. See shampoon on pehmendavate ja niisutavate omadustega t\u00e4nu k\u00f5rgele mandli\u00f5li sisaldusele ning lisaks on taaselustav toime t\u00e4nu h\u00fcdrol\u00fc\u00fcsitud riisi valkudele ja h\u00fcaluroonappele.<\/p>\n<p>Toodetud ja pakendatud Itaalias!<\/p>\n","protected":false},"featured_media":3852,"comment_status":"closed","ping_status":"open","template":"","meta":{"_acf_changed":false},"product_brand":[],"product_cat":[301],"product_tag":[194],"class_list":{"0":"post-12692","1":"product","2":"type-product","3":"status-publish","4":"has-post-thumbnail","6":"product_cat-dadaumpa","7":"product_tag-juukse-ja-keha","9":"first","10":"instock","11":"taxable","12":"shipping-taxable","13":"purchasable","14":"product-type-simple"},"group_of_quantity":288,"min_quantity":288,"max_quantity":"","exclude_order_quantity_value_rules":"no","exclude_category_quantity_rules":"no","combine_variations":"no","acf":[],"_links":{"self":[{"href":"https:\/\/nordicamenities.com\/lv\/wp-json\/wp\/v2\/product\/12692","targetHints":{"allow":["GET"]}}],"collection":[{"href":"https:\/\/nordicamenities.com\/lv\/wp-json\/wp\/v2\/product"}],"about":[{"href":"https:\/\/nordicamenities.com\/lv\/wp-json\/wp\/v2\/types\/product"}],"replies":[{"embeddable":true,"href":"https:\/\/nordicamenities.com\/lv\/wp-json\/wp\/v2\/comments?post=12692"}],"wp:featuredmedia":[{"embeddable":true,"href":"https:\/\/nordicamenities.com\/lv\/wp-json\/wp\/v2\/media\/3852"}],"wp:attachment":[{"href":"https:\/\/nordicamenities.com\/lv\/wp-json\/wp\/v2\/media?parent=12692"}],"wp:term":[{"taxonomy":"product_brand","embeddable":true,"href":"https:\/\/nordicamenities.com\/lv\/wp-json\/wp\/v2\/product_brand?post=12692"},{"taxonomy":"product_cat","embeddable":true,"href":"https:\/\/nordicamenities.com\/lv\/wp-json\/wp\/v2\/product_cat?post=12692"},{"taxonomy":"product_tag","embeddable":true,"href":"https:\/\/nordicamenities.com\/lv\/wp-json\/wp\/v2\/product_tag?post=12692"}],"curies":[{"name":"wp","href":"https:\/\/api.w.org\/{rel}","templated":true}]}}