{"id":12693,"date":"2026-04-28T13:20:34","date_gmt":"2026-04-28T11:20:34","guid":{"rendered":"https:\/\/nordicamenities.com\/toode\/0m-ihupiim-30ml-dadaumpa\/"},"modified":"2026-04-28T13:20:36","modified_gmt":"2026-04-28T11:20:36","slug":"0m-ihupiim-30ml-dadaumpa","status":"publish","type":"product","link":"https:\/\/nordicamenities.com\/lv\/toode\/0m-ihupiim-30ml-dadaumpa\/","title":{"rendered":"0M+ Ihupiim 30ml DADAUMPA"},"content":{"rendered":"<p>Ecocert Greenlife\u2019i poolt ORGANIC* sertifikaadiga sertifitseeritud delikaatse mandli, mee ja roosi aroomiga ihupiim.<br \/>\n*Ecocert Greenlife Cosmos Organic sertifikaadist saab lugeda siit: http:\/\/COSMOS.ecocert.com<\/p>\n<p>Lastearsti j\u00e4revlvalve all tesotatud kliinilised testid.<br \/>\nK\u00f5rge toote taluvus ja terve nahk &#8211; s\u00f5ltumatul labotratoorsel testil 20 beebit vanuses 1 kuu kuni 5 aastat normaalsetes kasutustingimustes 30 p\u00e4eva jooksul.<br \/>\nNiisutamisv\u00f5ime hindamine \u2013 see ihupiim suurendab naha niisutust +35,5% p\u00e4rast 60minutit j\u00e4ttes naha niisutatuks ka p\u00e4rast 24h m\u00f6\u00f6dumist (+11,3%). S\u00f5ltumatu laboratoonre test &#8211; 20 t\u00e4iskasvanut 24h<\/p>\n","protected":false},"excerpt":{"rendered":"<p>Pikaajaliselt niisutav kreem, mis j\u00e4tab naha eriti pehmeks.<br \/>\nSee delikaatne ihupiim on sobilik ka tundliku nahaga v\u00e4ikelastele, hoides naka kuivuse ja \u00e4rrituse eest ning taastab naha h\u00fcdrolipiid-kaitse. Ihupiim parandab naha elastsust t\u00e4nu shea v\u00f5i ja orgaanilise magusa mandli suurele sisaldusele.<\/p>\n<p>Toodetud ja pakendatud Itaalias!<\/p>\n","protected":false},"featured_media":3850,"comment_status":"closed","ping_status":"open","template":"","meta":{"_acf_changed":false},"product_brand":[],"product_cat":[301],"product_tag":[45],"class_list":{"0":"post-12693","1":"product","2":"type-product","3":"status-publish","4":"has-post-thumbnail","6":"product_cat-dadaumpa","7":"product_tag-ihupiim","9":"first","10":"instock","11":"taxable","12":"shipping-taxable","13":"purchasable","14":"product-type-simple"},"group_of_quantity":288,"min_quantity":288,"max_quantity":"","exclude_order_quantity_value_rules":"no","exclude_category_quantity_rules":"no","combine_variations":"no","acf":[],"_links":{"self":[{"href":"https:\/\/nordicamenities.com\/lv\/wp-json\/wp\/v2\/product\/12693","targetHints":{"allow":["GET"]}}],"collection":[{"href":"https:\/\/nordicamenities.com\/lv\/wp-json\/wp\/v2\/product"}],"about":[{"href":"https:\/\/nordicamenities.com\/lv\/wp-json\/wp\/v2\/types\/product"}],"replies":[{"embeddable":true,"href":"https:\/\/nordicamenities.com\/lv\/wp-json\/wp\/v2\/comments?post=12693"}],"wp:featuredmedia":[{"embeddable":true,"href":"https:\/\/nordicamenities.com\/lv\/wp-json\/wp\/v2\/media\/3850"}],"wp:attachment":[{"href":"https:\/\/nordicamenities.com\/lv\/wp-json\/wp\/v2\/media?parent=12693"}],"wp:term":[{"taxonomy":"product_brand","embeddable":true,"href":"https:\/\/nordicamenities.com\/lv\/wp-json\/wp\/v2\/product_brand?post=12693"},{"taxonomy":"product_cat","embeddable":true,"href":"https:\/\/nordicamenities.com\/lv\/wp-json\/wp\/v2\/product_cat?post=12693"},{"taxonomy":"product_tag","embeddable":true,"href":"https:\/\/nordicamenities.com\/lv\/wp-json\/wp\/v2\/product_tag?post=12693"}],"curies":[{"name":"wp","href":"https:\/\/api.w.org\/{rel}","templated":true}]}}