{"id":12695,"date":"2026-04-28T13:20:38","date_gmt":"2026-04-28T11:20:38","guid":{"rendered":"https:\/\/nordicamenities.com\/toode\/0m-vaga-pehmed-niisked-salvratikud-beebidele-dadaumpa\/"},"modified":"2026-04-28T13:20:38","modified_gmt":"2026-04-28T11:20:38","slug":"0m-vaga-pehmed-niisked-salvratikud-beebidele-dadaumpa","status":"publish","type":"product","link":"https:\/\/nordicamenities.com\/lv\/toode\/0m-vaga-pehmed-niisked-salvratikud-beebidele-dadaumpa\/","title":{"rendered":"0M+ V\u00e4ga Pehmed Niisked Salvr\u00e4tikud Beebidele DADAUMPA"},"content":{"rendered":"<p>Lastearsti j\u00e4revlvalve all tesotatud kliinilised testid.<br \/>\nK\u00f5rge toote taluvus ja terve nahk &#8211; s\u00f5ltumatul labotratoorsel testil 20 beebit vanuses 1 kuu kuni 5 aastat normaalsetes kasutustingimustes 30 p\u00e4eva jooksul.<\/p>\n<p>Pakendi m\u00f5\u00f5dud:<br \/>\n72,5 x 90 mm<br \/>\nR\u00e4itu m\u00f5\u00f5dud:<br \/>\n130 x 200 mm<\/p>\n","protected":false},"excerpt":{"rendered":"<p>DADAUMPA niisutavad salfr\u00e4tikud on immutatud \u00f5rna puhastuspiimaga, mis sisaldab peiulille ja mandli orgaanilisi \u00f5lisid, mis annavad nahale niisutust. Ideaalselt sobib kasutamiseks ka n\u00e4o ja k\u00e4te puhastamiseks.<\/p>\n<p>Toodetud ja pakendatud Itaalias!<\/p>\n","protected":false},"featured_media":3842,"comment_status":"closed","ping_status":"open","template":"","meta":{"_acf_changed":false},"product_brand":[],"product_cat":[301],"product_tag":[281],"class_list":{"0":"post-12695","1":"product","2":"type-product","3":"status-publish","4":"has-post-thumbnail","6":"product_cat-dadaumpa","7":"product_tag-varskendav-servjett","9":"first","10":"instock","11":"taxable","12":"shipping-taxable","13":"purchasable","14":"product-type-simple"},"group_of_quantity":800,"min_quantity":800,"max_quantity":"","exclude_order_quantity_value_rules":"no","exclude_category_quantity_rules":"no","combine_variations":"no","acf":[],"_links":{"self":[{"href":"https:\/\/nordicamenities.com\/lv\/wp-json\/wp\/v2\/product\/12695","targetHints":{"allow":["GET"]}}],"collection":[{"href":"https:\/\/nordicamenities.com\/lv\/wp-json\/wp\/v2\/product"}],"about":[{"href":"https:\/\/nordicamenities.com\/lv\/wp-json\/wp\/v2\/types\/product"}],"replies":[{"embeddable":true,"href":"https:\/\/nordicamenities.com\/lv\/wp-json\/wp\/v2\/comments?post=12695"}],"wp:featuredmedia":[{"embeddable":true,"href":"https:\/\/nordicamenities.com\/lv\/wp-json\/wp\/v2\/media\/3842"}],"wp:attachment":[{"href":"https:\/\/nordicamenities.com\/lv\/wp-json\/wp\/v2\/media?parent=12695"}],"wp:term":[{"taxonomy":"product_brand","embeddable":true,"href":"https:\/\/nordicamenities.com\/lv\/wp-json\/wp\/v2\/product_brand?post=12695"},{"taxonomy":"product_cat","embeddable":true,"href":"https:\/\/nordicamenities.com\/lv\/wp-json\/wp\/v2\/product_cat?post=12695"},{"taxonomy":"product_tag","embeddable":true,"href":"https:\/\/nordicamenities.com\/lv\/wp-json\/wp\/v2\/product_tag?post=12695"}],"curies":[{"name":"wp","href":"https:\/\/api.w.org\/{rel}","templated":true}]}}