{"id":12696,"date":"2026-04-28T13:20:38","date_gmt":"2026-04-28T11:20:38","guid":{"rendered":"https:\/\/nordicamenities.com\/toode\/pesusvamm-dadaumpa\/"},"modified":"2026-04-28T13:20:38","modified_gmt":"2026-04-28T11:20:38","slug":"pesusvamm-dadaumpa","status":"publish","type":"product","link":"https:\/\/nordicamenities.com\/lv\/toode\/pesusvamm-dadaumpa\/","title":{"rendered":"Pesusvamm DADAUMPA"},"content":{"rendered":"","protected":false},"excerpt":{"rendered":"<p>Erksates v\u00e4rvides pesusvamm annab lapsele l\u00f5busa vanniaja. Svamm l\u00e4heb pehmeks ja \u00f5rnaks kui seda vette kasta.<br \/>\nM\u00f5\u00f5dud: 6 x 6,5 x 2cm<\/p>\n<p>Toodetud ja pakendatud Itaalias!<\/p>\n","protected":false},"featured_media":3840,"comment_status":"closed","ping_status":"open","template":"","meta":{"_acf_changed":false},"product_brand":[],"product_cat":[301],"product_tag":[54],"class_list":{"0":"post-12696","1":"product","2":"type-product","3":"status-publish","4":"has-post-thumbnail","6":"product_cat-dadaumpa","7":"product_tag-pesukasn","9":"first","10":"instock","11":"taxable","12":"shipping-taxable","13":"purchasable","14":"product-type-simple"},"group_of_quantity":100,"min_quantity":100,"max_quantity":"","exclude_order_quantity_value_rules":"no","exclude_category_quantity_rules":"no","combine_variations":"no","acf":[],"_links":{"self":[{"href":"https:\/\/nordicamenities.com\/lv\/wp-json\/wp\/v2\/product\/12696","targetHints":{"allow":["GET"]}}],"collection":[{"href":"https:\/\/nordicamenities.com\/lv\/wp-json\/wp\/v2\/product"}],"about":[{"href":"https:\/\/nordicamenities.com\/lv\/wp-json\/wp\/v2\/types\/product"}],"replies":[{"embeddable":true,"href":"https:\/\/nordicamenities.com\/lv\/wp-json\/wp\/v2\/comments?post=12696"}],"wp:featuredmedia":[{"embeddable":true,"href":"https:\/\/nordicamenities.com\/lv\/wp-json\/wp\/v2\/media\/3840"}],"wp:attachment":[{"href":"https:\/\/nordicamenities.com\/lv\/wp-json\/wp\/v2\/media?parent=12696"}],"wp:term":[{"taxonomy":"product_brand","embeddable":true,"href":"https:\/\/nordicamenities.com\/lv\/wp-json\/wp\/v2\/product_brand?post=12696"},{"taxonomy":"product_cat","embeddable":true,"href":"https:\/\/nordicamenities.com\/lv\/wp-json\/wp\/v2\/product_cat?post=12696"},{"taxonomy":"product_tag","embeddable":true,"href":"https:\/\/nordicamenities.com\/lv\/wp-json\/wp\/v2\/product_tag?post=12696"}],"curies":[{"name":"wp","href":"https:\/\/api.w.org\/{rel}","templated":true}]}}