{"id":12759,"date":"2026-04-28T13:20:50","date_gmt":"2026-04-28T11:20:50","guid":{"rendered":"https:\/\/nordicamenities.com\/toode\/kinkekarp-30ml-karbis-geneva-green\/"},"modified":"2026-04-28T13:20:51","modified_gmt":"2026-04-28T11:20:51","slug":"kinkekarp-30ml-karbis-geneva-green","status":"publish","type":"product","link":"https:\/\/nordicamenities.com\/lv\/toode\/kinkekarp-30ml-karbis-geneva-green\/","title":{"rendered":"Kinkekarp 30ml Karbis GENEVA GREEN"},"content":{"rendered":"","protected":false},"excerpt":{"rendered":"<p>Sisaldab:<br \/>\n30ml Du\u0161igeel<br \/>\n30ml Shampoon<br \/>\n30ml Juuksepalsam<br \/>\n30ml Ihupiim<br \/>\n15g taimne seep<\/p>\n<p>M\u00f5\u00f5dud: 162 x 81 x 28 mm<\/p>\n<p>Kosmeetika ja karp on toodetud Itaalias!<\/p>\n<p>Karp on toodetud 80% ulatuses taaskasutatud paberist ja 20% puhtast ECF tselluloosist.<br \/>\n100% taaskasutatav \u2013 k\u00f5ik pr\u00fcgi ei pea minema pr\u00fcgilasse.<\/p>\n","protected":false},"featured_media":4000,"comment_status":"closed","ping_status":"open","template":"","meta":{"_acf_changed":false},"product_brand":[],"product_cat":[307],"product_tag":[240],"class_list":{"0":"post-12759","1":"product","2":"type-product","3":"status-publish","4":"has-post-thumbnail","6":"product_cat-geneva-green","7":"product_tag-kinkekomplekt","9":"first","10":"instock","11":"taxable","12":"shipping-taxable","13":"purchasable","14":"product-type-simple"},"group_of_quantity":14,"min_quantity":14,"max_quantity":"","exclude_order_quantity_value_rules":"no","exclude_category_quantity_rules":"no","combine_variations":"no","acf":[],"_links":{"self":[{"href":"https:\/\/nordicamenities.com\/lv\/wp-json\/wp\/v2\/product\/12759","targetHints":{"allow":["GET"]}}],"collection":[{"href":"https:\/\/nordicamenities.com\/lv\/wp-json\/wp\/v2\/product"}],"about":[{"href":"https:\/\/nordicamenities.com\/lv\/wp-json\/wp\/v2\/types\/product"}],"replies":[{"embeddable":true,"href":"https:\/\/nordicamenities.com\/lv\/wp-json\/wp\/v2\/comments?post=12759"}],"wp:featuredmedia":[{"embeddable":true,"href":"https:\/\/nordicamenities.com\/lv\/wp-json\/wp\/v2\/media\/4000"}],"wp:attachment":[{"href":"https:\/\/nordicamenities.com\/lv\/wp-json\/wp\/v2\/media?parent=12759"}],"wp:term":[{"taxonomy":"product_brand","embeddable":true,"href":"https:\/\/nordicamenities.com\/lv\/wp-json\/wp\/v2\/product_brand?post=12759"},{"taxonomy":"product_cat","embeddable":true,"href":"https:\/\/nordicamenities.com\/lv\/wp-json\/wp\/v2\/product_cat?post=12759"},{"taxonomy":"product_tag","embeddable":true,"href":"https:\/\/nordicamenities.com\/lv\/wp-json\/wp\/v2\/product_tag?post=12759"}],"curies":[{"name":"wp","href":"https:\/\/api.w.org\/{rel}","templated":true}]}}