{"id":12799,"date":"2026-04-28T13:20:57","date_gmt":"2026-04-28T11:20:57","guid":{"rendered":"https:\/\/nordicamenities.com\/toode\/seep-8g-guest-love\/"},"modified":"2026-04-28T13:20:58","modified_gmt":"2026-04-28T11:20:58","slug":"seep-8g-guest-love","status":"publish","type":"product","link":"https:\/\/nordicamenities.com\/lv\/toode\/seep-8g-guest-love\/","title":{"rendered":"Seep 8g GUEST LOVE"},"content":{"rendered":"","protected":false},"excerpt":{"rendered":"<p>Taimne seep on ideaalne igap\u00e4evaseks kasutamiseks ning j\u00e4tab naha puhtaks ja v\u00e4rskeks.<\/p>\n<p>Toodetud ja pakendatud Itaalias<\/p>\n","protected":false},"featured_media":5722,"comment_status":"closed","ping_status":"open","template":"","meta":{"_acf_changed":false},"product_brand":[],"product_cat":[353],"product_tag":[46],"class_list":{"0":"post-12799","1":"product","2":"type-product","3":"status-publish","4":"has-post-thumbnail","6":"product_cat-guest-love","7":"product_tag-seep","9":"first","10":"instock","11":"taxable","12":"shipping-taxable","13":"purchasable","14":"product-type-simple"},"group_of_quantity":600,"min_quantity":600,"max_quantity":"","exclude_order_quantity_value_rules":"no","exclude_category_quantity_rules":"no","combine_variations":"no","acf":[],"_links":{"self":[{"href":"https:\/\/nordicamenities.com\/lv\/wp-json\/wp\/v2\/product\/12799","targetHints":{"allow":["GET"]}}],"collection":[{"href":"https:\/\/nordicamenities.com\/lv\/wp-json\/wp\/v2\/product"}],"about":[{"href":"https:\/\/nordicamenities.com\/lv\/wp-json\/wp\/v2\/types\/product"}],"replies":[{"embeddable":true,"href":"https:\/\/nordicamenities.com\/lv\/wp-json\/wp\/v2\/comments?post=12799"}],"wp:featuredmedia":[{"embeddable":true,"href":"https:\/\/nordicamenities.com\/lv\/wp-json\/wp\/v2\/media\/5722"}],"wp:attachment":[{"href":"https:\/\/nordicamenities.com\/lv\/wp-json\/wp\/v2\/media?parent=12799"}],"wp:term":[{"taxonomy":"product_brand","embeddable":true,"href":"https:\/\/nordicamenities.com\/lv\/wp-json\/wp\/v2\/product_brand?post=12799"},{"taxonomy":"product_cat","embeddable":true,"href":"https:\/\/nordicamenities.com\/lv\/wp-json\/wp\/v2\/product_cat?post=12799"},{"taxonomy":"product_tag","embeddable":true,"href":"https:\/\/nordicamenities.com\/lv\/wp-json\/wp\/v2\/product_tag?post=12799"}],"curies":[{"name":"wp","href":"https:\/\/api.w.org\/{rel}","templated":true}]}}