{"id":12808,"date":"2026-04-28T13:20:57","date_gmt":"2026-04-28T11:20:57","guid":{"rendered":"https:\/\/nordicamenities.com\/toode\/vedelseep-480ml-guest-love-taidetav\/"},"modified":"2026-04-28T13:20:59","modified_gmt":"2026-04-28T11:20:59","slug":"vedelseep-480ml-guest-love-taidetav","status":"publish","type":"product","link":"https:\/\/nordicamenities.com\/lv\/toode\/vedelseep-480ml-guest-love-taidetav\/","title":{"rendered":"Vedelseep 480ml GUEST LOVE, T\u00e4idetav"},"content":{"rendered":"","protected":false},"excerpt":{"rendered":"<p>Guest Love vedelseep on rikastatud h\u00f5lmikpuu ekstraktidega, mis tagavad nahale v\u00e4rskendava ja stimuleeriva pesu igal kasutuskorral.<\/p>\n<p>Toodetud ja pakendatud Itaalias<\/p>\n","protected":false},"featured_media":5688,"comment_status":"closed","ping_status":"open","template":"","meta":{"_acf_changed":false},"product_brand":[],"product_cat":[353,354,217],"product_tag":[216],"class_list":{"0":"post-12808","1":"product","2":"type-product","3":"status-publish","4":"has-post-thumbnail","6":"product_cat-guest-love","7":"product_cat-guest-love-pump-dosaator","8":"product_cat-pump-dosaator","9":"product_tag-vedelseep","11":"first","12":"instock","13":"taxable","14":"shipping-taxable","15":"purchasable","16":"product-type-simple"},"group_of_quantity":18,"min_quantity":18,"max_quantity":"","exclude_order_quantity_value_rules":"no","exclude_category_quantity_rules":"no","combine_variations":"no","acf":[],"_links":{"self":[{"href":"https:\/\/nordicamenities.com\/lv\/wp-json\/wp\/v2\/product\/12808","targetHints":{"allow":["GET"]}}],"collection":[{"href":"https:\/\/nordicamenities.com\/lv\/wp-json\/wp\/v2\/product"}],"about":[{"href":"https:\/\/nordicamenities.com\/lv\/wp-json\/wp\/v2\/types\/product"}],"replies":[{"embeddable":true,"href":"https:\/\/nordicamenities.com\/lv\/wp-json\/wp\/v2\/comments?post=12808"}],"wp:featuredmedia":[{"embeddable":true,"href":"https:\/\/nordicamenities.com\/lv\/wp-json\/wp\/v2\/media\/5688"}],"wp:attachment":[{"href":"https:\/\/nordicamenities.com\/lv\/wp-json\/wp\/v2\/media?parent=12808"}],"wp:term":[{"taxonomy":"product_brand","embeddable":true,"href":"https:\/\/nordicamenities.com\/lv\/wp-json\/wp\/v2\/product_brand?post=12808"},{"taxonomy":"product_cat","embeddable":true,"href":"https:\/\/nordicamenities.com\/lv\/wp-json\/wp\/v2\/product_cat?post=12808"},{"taxonomy":"product_tag","embeddable":true,"href":"https:\/\/nordicamenities.com\/lv\/wp-json\/wp\/v2\/product_tag?post=12808"}],"curies":[{"name":"wp","href":"https:\/\/api.w.org\/{rel}","templated":true}]}}