{"id":12814,"date":"2026-04-28T13:21:01","date_gmt":"2026-04-28T11:21:01","guid":{"rendered":"https:\/\/nordicamenities.com\/toode\/varskendav-servjett-sidruniga-grammo\/"},"modified":"2026-04-28T13:21:01","modified_gmt":"2026-04-28T11:21:01","slug":"varskendav-servjett-sidruniga-grammo","status":"publish","type":"product","link":"https:\/\/nordicamenities.com\/lv\/toode\/varskendav-servjett-sidruniga-grammo\/","title":{"rendered":"V\u00e4rskendav Servjett Sidruniga, GRAMMO"},"content":{"rendered":"","protected":false},"excerpt":{"rendered":"<p>Grammo v\u00e4rskendav servjett v\u00e4rske sidruni l\u00f5hnaga.<\/p>\n<p>M\u00f5\u00f5dud:<br \/>\nPakend: 5,3 x 7 cm<br \/>\nServjett: 11,5 x 19 cm<\/p>\n<p>Toodetud ja pakendatud Itaalias.<\/p>\n","protected":false},"featured_media":8926,"comment_status":"closed","ping_status":"open","template":"","meta":{"_acf_changed":false},"product_brand":[],"product_cat":[375],"product_tag":[],"class_list":{"0":"post-12814","1":"product","2":"type-product","3":"status-publish","4":"has-post-thumbnail","6":"product_cat-grammo","8":"first","9":"instock","10":"taxable","11":"shipping-taxable","12":"purchasable","13":"product-type-simple"},"group_of_quantity":400,"min_quantity":400,"max_quantity":"","exclude_order_quantity_value_rules":"no","exclude_category_quantity_rules":"no","combine_variations":"no","acf":[],"_links":{"self":[{"href":"https:\/\/nordicamenities.com\/lv\/wp-json\/wp\/v2\/product\/12814","targetHints":{"allow":["GET"]}}],"collection":[{"href":"https:\/\/nordicamenities.com\/lv\/wp-json\/wp\/v2\/product"}],"about":[{"href":"https:\/\/nordicamenities.com\/lv\/wp-json\/wp\/v2\/types\/product"}],"replies":[{"embeddable":true,"href":"https:\/\/nordicamenities.com\/lv\/wp-json\/wp\/v2\/comments?post=12814"}],"wp:featuredmedia":[{"embeddable":true,"href":"https:\/\/nordicamenities.com\/lv\/wp-json\/wp\/v2\/media\/8926"}],"wp:attachment":[{"href":"https:\/\/nordicamenities.com\/lv\/wp-json\/wp\/v2\/media?parent=12814"}],"wp:term":[{"taxonomy":"product_brand","embeddable":true,"href":"https:\/\/nordicamenities.com\/lv\/wp-json\/wp\/v2\/product_brand?post=12814"},{"taxonomy":"product_cat","embeddable":true,"href":"https:\/\/nordicamenities.com\/lv\/wp-json\/wp\/v2\/product_cat?post=12814"},{"taxonomy":"product_tag","embeddable":true,"href":"https:\/\/nordicamenities.com\/lv\/wp-json\/wp\/v2\/product_tag?post=12814"}],"curies":[{"name":"wp","href":"https:\/\/api.w.org\/{rel}","templated":true}]}}