{"id":12827,"date":"2026-04-28T13:21:01","date_gmt":"2026-04-28T11:21:01","guid":{"rendered":"https:\/\/nordicamenities.com\/toode\/ihupiim-370ml-itinera-suletud\/"},"modified":"2026-04-28T13:21:03","modified_gmt":"2026-04-28T11:21:03","slug":"ihupiim-370ml-itinera-suletud","status":"publish","type":"product","link":"https:\/\/nordicamenities.com\/lv\/toode\/ihupiim-370ml-itinera-suletud\/","title":{"rendered":"Ihupiim 370ml, ITINERA, Suletud"},"content":{"rendered":"<p>SITSIILIA BEDDA<br \/>\nK\u00f5igi Sitsiilia v\u00e4rvika identiteedi elementide seas on auv\u00e4\u00e4rsel kohal viigikaktus ehk Opuntia ficus-indica, tuntud ka kui India viigipuu..<\/p>\n<p>ROHELINE PUUVILJANE AROOM<br \/>\nViigikaktus: \u201cOkkaline kest, mis kaitseb magusat t\u00e4idlast hinge. Energiseerivate, elavate puuviljade tabamatu v\u00e4rskus nagu valguse ja varju m\u00e4ng suveaias. Varjund, mis pakub varju niiske metsa ja pinnale kerkivate juurte puhastele m\u00fcstilistele nootidele.<\/p>\n","protected":false},"excerpt":{"rendered":"<p>Instant Comfort ihupiim Sitsiilia viigikaktusega.<br \/>\nNiisutab ja imendub kiiresti.<\/p>\n<p>Toodetud ja pakendatud Itaalias.<br \/>\nPudel on valmistatud 100% taaskasutatud plastikust<\/p>\n","protected":false},"featured_media":8962,"comment_status":"closed","ping_status":"open","template":"","meta":{"_acf_changed":false},"product_brand":[],"product_cat":[376],"product_tag":[45],"class_list":{"0":"post-12827","1":"product","2":"type-product","3":"status-publish","4":"has-post-thumbnail","6":"product_cat-itinera-for-hotel","7":"product_tag-ihupiim","9":"first","10":"instock","11":"taxable","12":"shipping-taxable","13":"purchasable","14":"product-type-simple"},"group_of_quantity":18,"min_quantity":18,"max_quantity":"","exclude_order_quantity_value_rules":"no","exclude_category_quantity_rules":"no","combine_variations":"no","acf":[],"_links":{"self":[{"href":"https:\/\/nordicamenities.com\/lv\/wp-json\/wp\/v2\/product\/12827","targetHints":{"allow":["GET"]}}],"collection":[{"href":"https:\/\/nordicamenities.com\/lv\/wp-json\/wp\/v2\/product"}],"about":[{"href":"https:\/\/nordicamenities.com\/lv\/wp-json\/wp\/v2\/types\/product"}],"replies":[{"embeddable":true,"href":"https:\/\/nordicamenities.com\/lv\/wp-json\/wp\/v2\/comments?post=12827"}],"wp:featuredmedia":[{"embeddable":true,"href":"https:\/\/nordicamenities.com\/lv\/wp-json\/wp\/v2\/media\/8962"}],"wp:attachment":[{"href":"https:\/\/nordicamenities.com\/lv\/wp-json\/wp\/v2\/media?parent=12827"}],"wp:term":[{"taxonomy":"product_brand","embeddable":true,"href":"https:\/\/nordicamenities.com\/lv\/wp-json\/wp\/v2\/product_brand?post=12827"},{"taxonomy":"product_cat","embeddable":true,"href":"https:\/\/nordicamenities.com\/lv\/wp-json\/wp\/v2\/product_cat?post=12827"},{"taxonomy":"product_tag","embeddable":true,"href":"https:\/\/nordicamenities.com\/lv\/wp-json\/wp\/v2\/product_tag?post=12827"}],"curies":[{"name":"wp","href":"https:\/\/api.w.org\/{rel}","templated":true}]}}