{"id":12828,"date":"2026-04-28T13:21:01","date_gmt":"2026-04-28T11:21:01","guid":{"rendered":"https:\/\/nordicamenities.com\/toode\/juuksepalsam-370ml-itinera-suletud\/"},"modified":"2026-04-28T13:21:03","modified_gmt":"2026-04-28T11:21:03","slug":"juuksepalsam-370ml-itinera-suletud","status":"publish","type":"product","link":"https:\/\/nordicamenities.com\/lv\/toode\/juuksepalsam-370ml-itinera-suletud\/","title":{"rendered":"Juuksepalsam 370ml, ITINERA, Suletud"},"content":{"rendered":"<p>Territoorium<br \/>\nPavia on Itaalia provints, kus on k\u00f5rgeim riisikasvatusprotsent ja juhtiv tootja nii riiklikul kui ka Euroopa tasandil.<\/p>\n<p>PIIM, VANILL, MUSK, ROHELINE<br \/>\nEau de Riz: \u201cMagusate ja \u00f5rnade n\u00fcanssidega paitus. Suigutav puhta v\u00e4rskuse tunne. Nahal\u00f5hn p\u00e4rast vaniljevanni. Jasmiini unen\u00e4oline l\u00e4ige \u00f6\u00f6sel. Uus koit, meelte \u00e4rkamine.<\/p>\n","protected":false},"excerpt":{"rendered":"<p>Mis see on<br \/>\nJuuksepalsam fermenteeritud riisiga Paviast, t\u00e4iuslik siledus sirgetele juustele.<\/p>\n<p>Toodetud ja pakendatud Itaalias.<br \/>\nPudel on valmistatud 100% taaskasutatud plastikust<\/p>\n","protected":false},"featured_media":8966,"comment_status":"closed","ping_status":"open","template":"","meta":{"_acf_changed":false},"product_brand":[],"product_cat":[376],"product_tag":[44],"class_list":{"0":"post-12828","1":"product","2":"type-product","3":"status-publish","4":"has-post-thumbnail","6":"product_cat-itinera-for-hotel","7":"product_tag-juuksepalsam","9":"first","10":"instock","11":"taxable","12":"shipping-taxable","13":"purchasable","14":"product-type-simple"},"group_of_quantity":18,"min_quantity":18,"max_quantity":"","exclude_order_quantity_value_rules":"no","exclude_category_quantity_rules":"no","combine_variations":"no","acf":[],"_links":{"self":[{"href":"https:\/\/nordicamenities.com\/lv\/wp-json\/wp\/v2\/product\/12828","targetHints":{"allow":["GET"]}}],"collection":[{"href":"https:\/\/nordicamenities.com\/lv\/wp-json\/wp\/v2\/product"}],"about":[{"href":"https:\/\/nordicamenities.com\/lv\/wp-json\/wp\/v2\/types\/product"}],"replies":[{"embeddable":true,"href":"https:\/\/nordicamenities.com\/lv\/wp-json\/wp\/v2\/comments?post=12828"}],"wp:featuredmedia":[{"embeddable":true,"href":"https:\/\/nordicamenities.com\/lv\/wp-json\/wp\/v2\/media\/8966"}],"wp:attachment":[{"href":"https:\/\/nordicamenities.com\/lv\/wp-json\/wp\/v2\/media?parent=12828"}],"wp:term":[{"taxonomy":"product_brand","embeddable":true,"href":"https:\/\/nordicamenities.com\/lv\/wp-json\/wp\/v2\/product_brand?post=12828"},{"taxonomy":"product_cat","embeddable":true,"href":"https:\/\/nordicamenities.com\/lv\/wp-json\/wp\/v2\/product_cat?post=12828"},{"taxonomy":"product_tag","embeddable":true,"href":"https:\/\/nordicamenities.com\/lv\/wp-json\/wp\/v2\/product_tag?post=12828"}],"curies":[{"name":"wp","href":"https:\/\/api.w.org\/{rel}","templated":true}]}}