{"id":12833,"date":"2026-04-28T13:21:01","date_gmt":"2026-04-28T11:21:01","guid":{"rendered":"https:\/\/nordicamenities.com\/toode\/vedelseep-370ml-itinera-taidetav\/"},"modified":"2026-04-28T13:21:03","modified_gmt":"2026-04-28T11:21:03","slug":"vedelseep-370ml-itinera-taidetav","status":"publish","type":"product","link":"https:\/\/nordicamenities.com\/lv\/toode\/vedelseep-370ml-itinera-taidetav\/","title":{"rendered":"Vedelseep 370ml, ITINERA, T\u00e4idetav"},"content":{"rendered":"<p>Territoorium<br \/>\nTrentino Alto Adige orgudest p\u00e4rineb \u00f5un, mille ekstrakt koos Toscana viinamarjaj\u00e4\u00e4kide, Amalfi rannikult p\u00e4rit sidruni ja Po oru nisukliidega rikastab kehapesuvahendit, millel on t\u00f5hus pehmendav ja kaitsev toime ning nahka taastavad omadused.<\/p>\n","protected":false},"excerpt":{"rendered":"<p>Kaitsev vedelseep \u00f5unaga Trentino Alto Adigest<br \/>\nSisaldab A-vitamiini ja mineraalaineid.<\/p>\n<p>95% looduslikke koostisosi sisaldava koostise muudab veelgi mahedamaks taimse p\u00e4ritoluga pindaktiivsed ained, sealhulgas aloe vera mahla ja gl\u00fctseriini segu, mis tagab pehmuse ja kaitse.<\/p>\n<p>Toodetud ja pakendatud Itaalias.<br \/>\nPudel on valmistatud 100% taaskasutatud plastikust<\/p>\n","protected":false},"featured_media":8970,"comment_status":"closed","ping_status":"open","template":"","meta":{"_acf_changed":false},"product_brand":[],"product_cat":[376],"product_tag":[216],"class_list":{"0":"post-12833","1":"product","2":"type-product","3":"status-publish","4":"has-post-thumbnail","6":"product_cat-itinera-for-hotel","7":"product_tag-vedelseep","9":"first","10":"instock","11":"taxable","12":"shipping-taxable","13":"purchasable","14":"product-type-simple"},"group_of_quantity":18,"min_quantity":18,"max_quantity":"","exclude_order_quantity_value_rules":"no","exclude_category_quantity_rules":"no","combine_variations":"no","acf":[],"_links":{"self":[{"href":"https:\/\/nordicamenities.com\/lv\/wp-json\/wp\/v2\/product\/12833","targetHints":{"allow":["GET"]}}],"collection":[{"href":"https:\/\/nordicamenities.com\/lv\/wp-json\/wp\/v2\/product"}],"about":[{"href":"https:\/\/nordicamenities.com\/lv\/wp-json\/wp\/v2\/types\/product"}],"replies":[{"embeddable":true,"href":"https:\/\/nordicamenities.com\/lv\/wp-json\/wp\/v2\/comments?post=12833"}],"wp:featuredmedia":[{"embeddable":true,"href":"https:\/\/nordicamenities.com\/lv\/wp-json\/wp\/v2\/media\/8970"}],"wp:attachment":[{"href":"https:\/\/nordicamenities.com\/lv\/wp-json\/wp\/v2\/media?parent=12833"}],"wp:term":[{"taxonomy":"product_brand","embeddable":true,"href":"https:\/\/nordicamenities.com\/lv\/wp-json\/wp\/v2\/product_brand?post=12833"},{"taxonomy":"product_cat","embeddable":true,"href":"https:\/\/nordicamenities.com\/lv\/wp-json\/wp\/v2\/product_cat?post=12833"},{"taxonomy":"product_tag","embeddable":true,"href":"https:\/\/nordicamenities.com\/lv\/wp-json\/wp\/v2\/product_tag?post=12833"}],"curies":[{"name":"wp","href":"https:\/\/api.w.org\/{rel}","templated":true}]}}