{"id":13803,"date":"2026-05-06T12:24:46","date_gmt":"2026-05-06T10:24:46","guid":{"rendered":"https:\/\/nordicamenities.com\/toode\/tervituskandik-smart\/"},"modified":"2026-05-06T12:24:47","modified_gmt":"2026-05-06T10:24:47","slug":"tervituskandik-smart","status":"publish","type":"product","link":"https:\/\/nordicamenities.com\/lv\/toode\/tervituskandik-smart\/","title":{"rendered":"Tervituskandik SMART"},"content":{"rendered":"<p>Materjal: k\u00f5rgekvaliteetne vineer p\u00f6\u00f6gi spooniga<br \/>\nViimistlus: Must<br \/>\nM\u00f5\u00f5dud LxSxK: 265 x 190 x 84mm (koos veekannuga K250\/290mm)<br \/>\nVeekindel viimistlus<br \/>\n\u00dcmberkujundatav sahtel<br \/>\n2 aastane garantii<\/p>\n","protected":false},"excerpt":{"rendered":"<p>Te soovite pakkuda oma k\u00fclastajatele kohvi ja teed, kuid Teie hotellitoas on piiratud ruum? SMART tervituskandik on ideaalne lahendus. Selle nutikas disain ja kompaktne suurus sobib igasse, isegi v\u00e4ga v\u00e4ikesesse hotellituppa. Tervituskandiku m\u00f5\u00f5dud on ainult 265 x 190 mm ning tervituskandiku sahtel on lihtsalt oma soovide j\u00e4rgi \u00fcmberkujundatav.<\/p>\n","protected":false},"featured_media":1555,"comment_status":"closed","ping_status":"open","template":"","meta":{"_acf_changed":false},"product_brand":[],"product_cat":[124],"product_tag":[],"class_list":{"0":"post-13803","1":"product","2":"type-product","3":"status-publish","4":"has-post-thumbnail","6":"product_cat-tervituskandikud","8":"first","9":"instock","10":"taxable","11":"shipping-taxable","12":"purchasable","13":"product-type-simple"},"group_of_quantity":1,"min_quantity":1,"max_quantity":"","exclude_order_quantity_value_rules":"no","exclude_category_quantity_rules":"no","combine_variations":"no","acf":[],"_links":{"self":[{"href":"https:\/\/nordicamenities.com\/lv\/wp-json\/wp\/v2\/product\/13803","targetHints":{"allow":["GET"]}}],"collection":[{"href":"https:\/\/nordicamenities.com\/lv\/wp-json\/wp\/v2\/product"}],"about":[{"href":"https:\/\/nordicamenities.com\/lv\/wp-json\/wp\/v2\/types\/product"}],"replies":[{"embeddable":true,"href":"https:\/\/nordicamenities.com\/lv\/wp-json\/wp\/v2\/comments?post=13803"}],"wp:featuredmedia":[{"embeddable":true,"href":"https:\/\/nordicamenities.com\/lv\/wp-json\/wp\/v2\/media\/1555"}],"wp:attachment":[{"href":"https:\/\/nordicamenities.com\/lv\/wp-json\/wp\/v2\/media?parent=13803"}],"wp:term":[{"taxonomy":"product_brand","embeddable":true,"href":"https:\/\/nordicamenities.com\/lv\/wp-json\/wp\/v2\/product_brand?post=13803"},{"taxonomy":"product_cat","embeddable":true,"href":"https:\/\/nordicamenities.com\/lv\/wp-json\/wp\/v2\/product_cat?post=13803"},{"taxonomy":"product_tag","embeddable":true,"href":"https:\/\/nordicamenities.com\/lv\/wp-json\/wp\/v2\/product_tag?post=13803"}],"curies":[{"name":"wp","href":"https:\/\/api.w.org\/{rel}","templated":true}]}}