{"id":13812,"date":"2026-05-06T12:24:46","date_gmt":"2026-05-06T10:24:46","guid":{"rendered":"https:\/\/nordicamenities.com\/toode\/kohvikapslite-karp-store-bb\/"},"modified":"2026-05-06T12:24:49","modified_gmt":"2026-05-06T10:24:49","slug":"kohvikapslite-karp-store-bb","status":"publish","type":"product","link":"https:\/\/nordicamenities.com\/lv\/toode\/kohvikapslite-karp-store-bb\/","title":{"rendered":"Kohvikapslite karp STORE BB"},"content":{"rendered":"<p>M\u00f5\u00f5tmed<br \/>\nSuletud karp: 172 \u00d7 172 \u00d7 65 mm<br \/>\nAukude l\u00e4bim\u00f5\u00f5t: \u00d838 mm<br \/>\nSektsioon 1 (lusikatele v\u00f5i suhkru-\/piimapulkadele): 147 \u00d7 44 \u00d7 31 mm<br \/>\nSektsioon 2 : 147 \u00d7 97 \u00d7 31 mm<br \/>\nMaterjal MDF<\/p>\n","protected":false},"excerpt":{"rendered":"<p>See elegantne ja kompaktne kohvikapslite karp on loodud kohvitarvikute, nagu Nespresso\u00ae kapslid, lusikad ja suhkur hoiustamiseks. T\u00e4nu stiilsele ruudukujulisele disainile sobib see ideaalselt hotellitubadesse.<\/p>\n<p>Olulisemad omadused<\/p>\n<p>Eemaldatav, kahepoolne sisu 4 v\u00f5i 6 klassikalise Nespresso\u00ae kapsli hoiustamiseks<br \/>\nValmistatud kvaliteetsest kunstnahast<br \/>\nKompaktsed m\u00f5\u00f5tmed<br \/>\nP\u00f5hja all 4 m\u00f6\u00f6blit kaitsvat vilti<\/p>\n","protected":false},"featured_media":13609,"comment_status":"closed","ping_status":"open","template":"","meta":{"_acf_changed":false},"product_brand":[],"product_cat":[124],"product_tag":[],"class_list":{"0":"post-13812","1":"product","2":"type-product","3":"status-publish","4":"has-post-thumbnail","6":"product_cat-tervituskandikud","8":"first","9":"instock","10":"taxable","11":"shipping-taxable","12":"purchasable","13":"product-type-simple"},"group_of_quantity":1,"min_quantity":1,"max_quantity":"","exclude_order_quantity_value_rules":"no","exclude_category_quantity_rules":"no","combine_variations":"no","acf":[],"_links":{"self":[{"href":"https:\/\/nordicamenities.com\/lv\/wp-json\/wp\/v2\/product\/13812","targetHints":{"allow":["GET"]}}],"collection":[{"href":"https:\/\/nordicamenities.com\/lv\/wp-json\/wp\/v2\/product"}],"about":[{"href":"https:\/\/nordicamenities.com\/lv\/wp-json\/wp\/v2\/types\/product"}],"replies":[{"embeddable":true,"href":"https:\/\/nordicamenities.com\/lv\/wp-json\/wp\/v2\/comments?post=13812"}],"wp:featuredmedia":[{"embeddable":true,"href":"https:\/\/nordicamenities.com\/lv\/wp-json\/wp\/v2\/media\/13609"}],"wp:attachment":[{"href":"https:\/\/nordicamenities.com\/lv\/wp-json\/wp\/v2\/media?parent=13812"}],"wp:term":[{"taxonomy":"product_brand","embeddable":true,"href":"https:\/\/nordicamenities.com\/lv\/wp-json\/wp\/v2\/product_brand?post=13812"},{"taxonomy":"product_cat","embeddable":true,"href":"https:\/\/nordicamenities.com\/lv\/wp-json\/wp\/v2\/product_cat?post=13812"},{"taxonomy":"product_tag","embeddable":true,"href":"https:\/\/nordicamenities.com\/lv\/wp-json\/wp\/v2\/product_tag?post=13812"}],"curies":[{"name":"wp","href":"https:\/\/api.w.org\/{rel}","templated":true}]}}