{"id":13824,"date":"2026-05-06T12:24:51","date_gmt":"2026-05-06T10:24:51","guid":{"rendered":"https:\/\/nordicamenities.com\/toode\/triikimiskeskus-smooth-aurutriikraud\/"},"modified":"2026-05-06T12:24:52","modified_gmt":"2026-05-06T10:24:52","slug":"triikimiskeskus-smooth-aurutriikraud","status":"publish","type":"product","link":"https:\/\/nordicamenities.com\/lv\/toode\/triikimiskeskus-smooth-aurutriikraud\/","title":{"rendered":"Triikimiskeskus SMOOTH aurutriikraud"},"content":{"rendered":"<p>Triikraua v\u00f5imsus: 1600W<br \/>\nSuur NON-STICK roostevabast terasest tald<br \/>\nLiikumisandur \u2013 automaatne v\u00e4ljal\u00fclitus<br \/>\nReguleeritav termostaat, aurukontroll ja \u00fclekuumenemise kaitse t\u00e4iendava ohutuse tagamiseks<br \/>\nKiire soojenemine<br \/>\nPikk 3m kaabel<br \/>\nCE, RoHS ja GS<br \/>\nKvaliteetne triikimiskeskus, kompaktne ja kerge<br \/>\nTugev ja stabiilne raam<br \/>\nTugevad kummist libisemisvastased jalad<br \/>\nKergesti vahetatav elastne kate<br \/>\nKaablit on v\u00f5imalik kinnitada keskuse k\u00fclge (varguse vastane)<\/p>\n","protected":false},"excerpt":{"rendered":"<p>Kerge, stabiilne, lihtne ja kompaktne triikimiskeskus on disainiud luksuslikes tumedates toonides, millel on triikraua hoidja ning riputuskonks garderoobis v\u00f5i kapid hoidmiseks. Triikraud pakub suurep\u00e4rast kvaliteeti ning maksimaalset ohutust. N\u00e4iteks on triikraual liikumisandur, mis l\u00fclitab triikraua autmaatselt v\u00e4lja kui seda ei kasutata.<\/p>\n","protected":false},"featured_media":1565,"comment_status":"closed","ping_status":"open","template":"","meta":{"_acf_changed":false},"product_brand":[],"product_cat":[125],"product_tag":[],"class_list":{"0":"post-13824","1":"product","2":"type-product","3":"status-publish","4":"has-post-thumbnail","6":"product_cat-triikimiskeskused","8":"first","9":"instock","10":"taxable","11":"shipping-taxable","12":"purchasable","13":"product-type-simple"},"group_of_quantity":1,"min_quantity":1,"max_quantity":"","exclude_order_quantity_value_rules":"no","exclude_category_quantity_rules":"no","combine_variations":"no","acf":[],"_links":{"self":[{"href":"https:\/\/nordicamenities.com\/lv\/wp-json\/wp\/v2\/product\/13824","targetHints":{"allow":["GET"]}}],"collection":[{"href":"https:\/\/nordicamenities.com\/lv\/wp-json\/wp\/v2\/product"}],"about":[{"href":"https:\/\/nordicamenities.com\/lv\/wp-json\/wp\/v2\/types\/product"}],"replies":[{"embeddable":true,"href":"https:\/\/nordicamenities.com\/lv\/wp-json\/wp\/v2\/comments?post=13824"}],"wp:featuredmedia":[{"embeddable":true,"href":"https:\/\/nordicamenities.com\/lv\/wp-json\/wp\/v2\/media\/1565"}],"wp:attachment":[{"href":"https:\/\/nordicamenities.com\/lv\/wp-json\/wp\/v2\/media?parent=13824"}],"wp:term":[{"taxonomy":"product_brand","embeddable":true,"href":"https:\/\/nordicamenities.com\/lv\/wp-json\/wp\/v2\/product_brand?post=13824"},{"taxonomy":"product_cat","embeddable":true,"href":"https:\/\/nordicamenities.com\/lv\/wp-json\/wp\/v2\/product_cat?post=13824"},{"taxonomy":"product_tag","embeddable":true,"href":"https:\/\/nordicamenities.com\/lv\/wp-json\/wp\/v2\/product_tag?post=13824"}],"curies":[{"name":"wp","href":"https:\/\/api.w.org\/{rel}","templated":true}]}}