{"id":13829,"date":"2026-05-06T12:24:51","date_gmt":"2026-05-06T10:24:51","guid":{"rendered":"https:\/\/nordicamenities.com\/toode\/triikraud-smooth-auruta\/"},"modified":"2026-05-06T12:24:53","modified_gmt":"2026-05-06T10:24:53","slug":"triikraud-smooth-auruta","status":"publish","type":"product","link":"https:\/\/nordicamenities.com\/lv\/toode\/triikraud-smooth-auruta\/","title":{"rendered":"Triikraud SMOOTH auruta"},"content":{"rendered":"","protected":false},"excerpt":{"rendered":"<p>Liikumisandur &#8211; automaatne v\u00e4ljal\u00fclitus horisontaal asendis p\u00e4rast 30 sek. ja vertikaal asendis p\u00e4rast 8 min.<br \/>\nReguleeritav termostaat<br \/>\n\u00dclekuumenemise kaitse t\u00e4iendava ohutuse tagamiseks<br \/>\nNON-STICK tald, lihtne hooldada<br \/>\nErgonoomiline k\u00e4epide<br \/>\nKiire \u00fclessoojenemine<br \/>\n360 \u00b0 p\u00f6\u00f6rlev kaabli kaitse<br \/>\nPikk 3m kaabel<br \/>\nCE, RoHS ja GS<br \/>\nV\u00f5imsusPower: 1000W<br \/>\nPinge: 220~240V 50\/60Hz<br \/>\nKaal: 725gr<\/p>\n","protected":false},"featured_media":1584,"comment_status":"closed","ping_status":"open","template":"","meta":{"_acf_changed":false},"product_brand":[],"product_cat":[125],"product_tag":[],"class_list":{"0":"post-13829","1":"product","2":"type-product","3":"status-publish","4":"has-post-thumbnail","6":"product_cat-triikimiskeskused","8":"first","9":"instock","10":"taxable","11":"shipping-taxable","12":"purchasable","13":"product-type-simple"},"group_of_quantity":1,"min_quantity":1,"max_quantity":"","exclude_order_quantity_value_rules":"no","exclude_category_quantity_rules":"no","combine_variations":"no","acf":[],"_links":{"self":[{"href":"https:\/\/nordicamenities.com\/lv\/wp-json\/wp\/v2\/product\/13829","targetHints":{"allow":["GET"]}}],"collection":[{"href":"https:\/\/nordicamenities.com\/lv\/wp-json\/wp\/v2\/product"}],"about":[{"href":"https:\/\/nordicamenities.com\/lv\/wp-json\/wp\/v2\/types\/product"}],"replies":[{"embeddable":true,"href":"https:\/\/nordicamenities.com\/lv\/wp-json\/wp\/v2\/comments?post=13829"}],"wp:featuredmedia":[{"embeddable":true,"href":"https:\/\/nordicamenities.com\/lv\/wp-json\/wp\/v2\/media\/1584"}],"wp:attachment":[{"href":"https:\/\/nordicamenities.com\/lv\/wp-json\/wp\/v2\/media?parent=13829"}],"wp:term":[{"taxonomy":"product_brand","embeddable":true,"href":"https:\/\/nordicamenities.com\/lv\/wp-json\/wp\/v2\/product_brand?post=13829"},{"taxonomy":"product_cat","embeddable":true,"href":"https:\/\/nordicamenities.com\/lv\/wp-json\/wp\/v2\/product_cat?post=13829"},{"taxonomy":"product_tag","embeddable":true,"href":"https:\/\/nordicamenities.com\/lv\/wp-json\/wp\/v2\/product_tag?post=13829"}],"curies":[{"name":"wp","href":"https:\/\/api.w.org\/{rel}","templated":true}]}}