{"id":13832,"date":"2026-05-06T12:24:51","date_gmt":"2026-05-06T10:24:51","guid":{"rendered":"https:\/\/nordicamenities.com\/toode\/jaanou-slush-bl\/"},"modified":"2026-05-06T12:24:53","modified_gmt":"2026-05-06T10:24:53","slug":"jaanou-slush-bl","status":"publish","type":"product","link":"https:\/\/nordicamenities.com\/lv\/toode\/jaanou-slush-bl\/","title":{"rendered":"J\u00e4\u00e4n\u00f5u SLUSH BL"},"content":{"rendered":"","protected":false},"excerpt":{"rendered":"<p>Kahekordse seinaga j\u00e4\u00e4\u00e4mber \u2013 hoiab j\u00e4\u00e4kuubikud kauem k\u00fclmununa<br \/>\nIdeaalne kombinatsioon 201 roostevabast terasest ja vastupidavast kunstnahast<br \/>\nKaane peal mattmusta viimistlusega puidust nupp<br \/>\nVetth\u00fclgav ja kergesti puhastatav<br \/>\nMahutavus: 1 liiter<br \/>\nKomplektis harjatud viimistlusega j\u00e4\u00e4tangid<\/p>\n<p>M\u00f5\u00f5tmed<br \/>\nL\u00e4bim\u00f5\u00f5t: 136 mm<br \/>\nK\u00f5rgus: 185 mm<br \/>\nJ\u00e4\u00e4tangide pikkus: 135 mm<\/p>\n","protected":false},"featured_media":13585,"comment_status":"closed","ping_status":"open","template":"","meta":{"_acf_changed":false},"product_brand":[],"product_cat":[124],"product_tag":[],"class_list":{"0":"post-13832","1":"product","2":"type-product","3":"status-publish","4":"has-post-thumbnail","6":"product_cat-tervituskandikud","8":"first","9":"instock","10":"taxable","11":"shipping-taxable","12":"purchasable","13":"product-type-simple"},"group_of_quantity":1,"min_quantity":1,"max_quantity":"","exclude_order_quantity_value_rules":"no","exclude_category_quantity_rules":"no","combine_variations":"no","acf":[],"_links":{"self":[{"href":"https:\/\/nordicamenities.com\/lv\/wp-json\/wp\/v2\/product\/13832","targetHints":{"allow":["GET"]}}],"collection":[{"href":"https:\/\/nordicamenities.com\/lv\/wp-json\/wp\/v2\/product"}],"about":[{"href":"https:\/\/nordicamenities.com\/lv\/wp-json\/wp\/v2\/types\/product"}],"replies":[{"embeddable":true,"href":"https:\/\/nordicamenities.com\/lv\/wp-json\/wp\/v2\/comments?post=13832"}],"wp:featuredmedia":[{"embeddable":true,"href":"https:\/\/nordicamenities.com\/lv\/wp-json\/wp\/v2\/media\/13585"}],"wp:attachment":[{"href":"https:\/\/nordicamenities.com\/lv\/wp-json\/wp\/v2\/media?parent=13832"}],"wp:term":[{"taxonomy":"product_brand","embeddable":true,"href":"https:\/\/nordicamenities.com\/lv\/wp-json\/wp\/v2\/product_brand?post=13832"},{"taxonomy":"product_cat","embeddable":true,"href":"https:\/\/nordicamenities.com\/lv\/wp-json\/wp\/v2\/product_cat?post=13832"},{"taxonomy":"product_tag","embeddable":true,"href":"https:\/\/nordicamenities.com\/lv\/wp-json\/wp\/v2\/product_tag?post=13832"}],"curies":[{"name":"wp","href":"https:\/\/api.w.org\/{rel}","templated":true}]}}