{"id":13838,"date":"2026-05-06T12:24:55","date_gmt":"2026-05-06T10:24:55","guid":{"rendered":"https:\/\/nordicamenities.com\/toode\/paberikorv-sumo-10l-bl\/"},"modified":"2026-05-06T12:29:49","modified_gmt":"2026-05-06T10:29:49","slug":"paberikorv-sumo-10l-bl","status":"publish","type":"product","link":"https:\/\/nordicamenities.com\/lv\/toode\/paberikorv-sumo-10l-bl\/","title":{"rendered":"Paberikorv SUMO 10L BL"},"content":{"rendered":"","protected":false},"excerpt":{"rendered":"<p>Kahekordse seinaga hotelli pr\u00fcgikast nahaimitatsiooniga viimistlusega<br \/>\nDisainitud pr\u00fcgikoti varjamiseks ja selle kindlalt paigal hoidmiseks<br \/>\nStiilne ja praktiline valik k\u00fclalistubadesse<br \/>\nSisemine pr\u00fcgikast on valmistatud pulberv\u00e4rvitud metallist (must)<br \/>\nV\u00e4limine osa on kaetud kunstnahaga<br \/>\nVetth\u00fclgav ja kergesti puhastatav<br \/>\nLibisemisvastane p\u00f5hi lisastabiilsuse ja p\u00f5randakaitse tagamiseks<\/p>\n<p>Nutikas peidetud koti s\u00fcsteem<br \/>\nSee nutikas pr\u00fcgikast on unikaalse disainiga, mis v\u00f5imaldab pr\u00fcgikotte ja voodreid diskreetselt varjata. See koosneb kahest osast: v\u00e4limine kate, mis libiseb \u00fcle sisemise osa.<\/p>\n<p>Kasutamiseks eemaldage v\u00e4limine kate, asetage pr\u00fcgikott sisemisse anumasse ning libistage seej\u00e4rel kate tagasi peale. Tulemuseks on puhas ja stiilne v\u00e4limus, mis t\u00e4iustab iga hotellituba.<\/p>\n<p>L\u00e4bim\u00f5\u00f5t: 250 mm<br \/>\nK\u00f5rgus: 320 mm<br \/>\nMahutavus: 10 liitrit<\/p>\n","protected":false},"featured_media":13620,"comment_status":"closed","ping_status":"closed","template":"","meta":{"_acf_changed":false},"product_brand":[],"product_cat":[139],"product_tag":[],"class_list":{"0":"post-13838","1":"product","2":"type-product","3":"status-publish","4":"has-post-thumbnail","6":"product_cat-paberikorvid","8":"first","9":"instock","10":"taxable","11":"shipping-taxable","12":"purchasable","13":"product-type-simple"},"group_of_quantity":1,"min_quantity":1,"max_quantity":"","exclude_order_quantity_value_rules":"no","exclude_category_quantity_rules":"no","combine_variations":"no","acf":[],"_links":{"self":[{"href":"https:\/\/nordicamenities.com\/lv\/wp-json\/wp\/v2\/product\/13838","targetHints":{"allow":["GET"]}}],"collection":[{"href":"https:\/\/nordicamenities.com\/lv\/wp-json\/wp\/v2\/product"}],"about":[{"href":"https:\/\/nordicamenities.com\/lv\/wp-json\/wp\/v2\/types\/product"}],"replies":[{"embeddable":true,"href":"https:\/\/nordicamenities.com\/lv\/wp-json\/wp\/v2\/comments?post=13838"}],"wp:featuredmedia":[{"embeddable":true,"href":"https:\/\/nordicamenities.com\/lv\/wp-json\/wp\/v2\/media\/13620"}],"wp:attachment":[{"href":"https:\/\/nordicamenities.com\/lv\/wp-json\/wp\/v2\/media?parent=13838"}],"wp:term":[{"taxonomy":"product_brand","embeddable":true,"href":"https:\/\/nordicamenities.com\/lv\/wp-json\/wp\/v2\/product_brand?post=13838"},{"taxonomy":"product_cat","embeddable":true,"href":"https:\/\/nordicamenities.com\/lv\/wp-json\/wp\/v2\/product_cat?post=13838"},{"taxonomy":"product_tag","embeddable":true,"href":"https:\/\/nordicamenities.com\/lv\/wp-json\/wp\/v2\/product_tag?post=13838"}],"curies":[{"name":"wp","href":"https:\/\/api.w.org\/{rel}","templated":true}]}}