{"id":13840,"date":"2026-05-06T12:24:55","date_gmt":"2026-05-06T10:24:55","guid":{"rendered":"https:\/\/nordicamenities.com\/toode\/paberikorvi-sumo-sisu\/"},"modified":"2026-05-06T12:30:13","modified_gmt":"2026-05-06T10:30:13","slug":"paberikorvi-sumo-sisu","status":"publish","type":"product","link":"https:\/\/nordicamenities.com\/lv\/toode\/paberikorvi-sumo-sisu\/","title":{"rendered":"Paberikorvi SUMO sisu"},"content":{"rendered":"","protected":false},"excerpt":{"rendered":"<p>Keskkonnas\u00f5bralik j\u00e4\u00e4tmelahendus<br \/>\nT\u00f5stke oma hotelli p\u00fchendumus j\u00e4tkusuutlikkusele uuele tasemele SUMO pr\u00fcgikasti sisuga. See innovatiivne lahendus v\u00f5imaldab k\u00fclalistubades t\u00f5husalt eraldada taaskasutatavad ja segaolmej\u00e4\u00e4tmed, muutes j\u00e4\u00e4tmek\u00e4itluse keskkonnateadlikumaks. SUMO pr\u00fcgikasti sisu aitab hoida keskkonda korrastatumana ning n\u00e4itab selgelt teie hotelli panust roheliste algatuste edendamisse.<\/p>\n<p>Sisu SUMO pr\u00fcgikastile | Pol\u00fcprop\u00fcleen<br \/>\nMajutusasutustele m\u00f5eldud lahendus pr\u00fcgikasti sisu jaotamiseks segaolmej\u00e4\u00e4tmete ja taaskasutatavate j\u00e4\u00e4tmete vahel<br \/>\nValmistatud pol\u00fcprop\u00fcleenist (roheline)<br \/>\nSobib ideaalselt SUMO pr\u00fcgikastiga<br \/>\nLihtne paigaldada pr\u00fcgikasti sisse<br \/>\nVetth\u00fclgav ja kergesti puhastatav<br \/>\nKomplektis 8 j\u00e4\u00e4tmete sorteerimise kleebist<\/p>\n<p>Tehnilised andmed<br \/>\nL 250 \u00d7 S 130 \u00d7 K 305 mm<br \/>\nMahutavus: 5 liitrit<br \/>\nV\u00e4rv: tumeroheline<\/p>\n","protected":false},"featured_media":13624,"comment_status":"closed","ping_status":"closed","template":"","meta":{"_acf_changed":false},"product_brand":[],"product_cat":[139],"product_tag":[],"class_list":{"0":"post-13840","1":"product","2":"type-product","3":"status-publish","4":"has-post-thumbnail","6":"product_cat-paberikorvid","8":"first","9":"instock","10":"taxable","11":"shipping-taxable","12":"purchasable","13":"product-type-simple"},"group_of_quantity":1,"min_quantity":1,"max_quantity":"","exclude_order_quantity_value_rules":"no","exclude_category_quantity_rules":"no","combine_variations":"no","acf":[],"_links":{"self":[{"href":"https:\/\/nordicamenities.com\/lv\/wp-json\/wp\/v2\/product\/13840","targetHints":{"allow":["GET"]}}],"collection":[{"href":"https:\/\/nordicamenities.com\/lv\/wp-json\/wp\/v2\/product"}],"about":[{"href":"https:\/\/nordicamenities.com\/lv\/wp-json\/wp\/v2\/types\/product"}],"replies":[{"embeddable":true,"href":"https:\/\/nordicamenities.com\/lv\/wp-json\/wp\/v2\/comments?post=13840"}],"wp:featuredmedia":[{"embeddable":true,"href":"https:\/\/nordicamenities.com\/lv\/wp-json\/wp\/v2\/media\/13624"}],"wp:attachment":[{"href":"https:\/\/nordicamenities.com\/lv\/wp-json\/wp\/v2\/media?parent=13840"}],"wp:term":[{"taxonomy":"product_brand","embeddable":true,"href":"https:\/\/nordicamenities.com\/lv\/wp-json\/wp\/v2\/product_brand?post=13840"},{"taxonomy":"product_cat","embeddable":true,"href":"https:\/\/nordicamenities.com\/lv\/wp-json\/wp\/v2\/product_cat?post=13840"},{"taxonomy":"product_tag","embeddable":true,"href":"https:\/\/nordicamenities.com\/lv\/wp-json\/wp\/v2\/product_tag?post=13840"}],"curies":[{"name":"wp","href":"https:\/\/api.w.org\/{rel}","templated":true}]}}