{"id":1417,"date":"2024-03-15T06:00:46","date_gmt":"2024-03-15T06:00:46","guid":{"rendered":"https:\/\/nordicamenities.eu\/toode\/minibaar-hc30v\/"},"modified":"2024-03-15T06:00:46","modified_gmt":"2024-03-15T06:00:46","slug":"minibaar-hc30v","status":"publish","type":"product","link":"https:\/\/nordicamenities.com\/lv\/toode\/minibaar-hc30v\/","title":{"rendered":"Minibaar HC30V"},"content":{"rendered":"","protected":false},"excerpt":{"rendered":"<p>LIGHT seeria on absorption tehnoloogia minibaarid, mis suudavad pakkuda parimaid v\u00f5imalikke j\u00f5udluse ja kuluefektiivsuse suhet. Vitrifrigo rangete tehniliste n\u00e4itajate j\u00e4rgi valmistatud minibaare on saadaval kahes versioonis: HC \u2013 soovitavalt iseseisvaks kui ka integreeritud paigalduseks koos libiseva hingega v\u00f5i ilma. HCV \u2013 klaasuks ja sisemine LED valgustus loob t\u00f5eliselt pilkup\u00fc\u00fcdva stiilse efekti, mis aitab kaasa ka tarbimisele.<\/p>\n<p>30lt Minibaar<br \/>\nKaal &#8211; 17,3kg<br \/>\nToide &#8211; 230Vac 50\/60Hz<br \/>\nLaius &#8211; 402 mm<br \/>\nK\u00f5rgus &#8211; 500 mm<br \/>\nS\u00fcgavus &#8211; 412 mm<br \/>\nKlaasuks<br \/>\nSisemine LED valgustus<\/p>\n","protected":false},"featured_media":1368,"comment_status":"closed","ping_status":"open","template":"","meta":{"_acf_changed":false},"product_brand":[],"product_cat":[122],"product_tag":[],"class_list":{"0":"post-1417","1":"product","2":"type-product","3":"status-publish","4":"has-post-thumbnail","6":"product_cat-minibaarid","8":"first","9":"instock","10":"taxable","11":"shipping-taxable","12":"purchasable","13":"product-type-simple"},"group_of_quantity":1,"min_quantity":1,"max_quantity":"","exclude_order_quantity_value_rules":"no","exclude_category_quantity_rules":"no","combine_variations":"no","acf":[],"_links":{"self":[{"href":"https:\/\/nordicamenities.com\/lv\/wp-json\/wp\/v2\/product\/1417","targetHints":{"allow":["GET"]}}],"collection":[{"href":"https:\/\/nordicamenities.com\/lv\/wp-json\/wp\/v2\/product"}],"about":[{"href":"https:\/\/nordicamenities.com\/lv\/wp-json\/wp\/v2\/types\/product"}],"replies":[{"embeddable":true,"href":"https:\/\/nordicamenities.com\/lv\/wp-json\/wp\/v2\/comments?post=1417"}],"wp:featuredmedia":[{"embeddable":true,"href":"https:\/\/nordicamenities.com\/lv\/wp-json\/wp\/v2\/media\/1368"}],"wp:attachment":[{"href":"https:\/\/nordicamenities.com\/lv\/wp-json\/wp\/v2\/media?parent=1417"}],"wp:term":[{"taxonomy":"product_brand","embeddable":true,"href":"https:\/\/nordicamenities.com\/lv\/wp-json\/wp\/v2\/product_brand?post=1417"},{"taxonomy":"product_cat","embeddable":true,"href":"https:\/\/nordicamenities.com\/lv\/wp-json\/wp\/v2\/product_cat?post=1417"},{"taxonomy":"product_tag","embeddable":true,"href":"https:\/\/nordicamenities.com\/lv\/wp-json\/wp\/v2\/product_tag?post=1417"}],"curies":[{"name":"wp","href":"https:\/\/api.w.org\/{rel}","templated":true}]}}