{"id":1420,"date":"2024-03-15T06:00:46","date_gmt":"2024-03-15T06:00:46","guid":{"rendered":"https:\/\/nordicamenities.eu\/toode\/minibaar-33l-next-c330v\/"},"modified":"2025-03-06T09:47:46","modified_gmt":"2025-03-06T07:47:46","slug":"minibaar-33l-next-c330v","status":"publish","type":"product","link":"https:\/\/nordicamenities.com\/lv\/toode\/minibaar-33l-next-c330v\/","title":{"rendered":"Minibaar 33L NEXT C330V"},"content":{"rendered":"","protected":false},"excerpt":{"rendered":"<p>Loodud, et pakkuda \u00fclimat mitmek\u00fclgsust, NEXT seeria on ideaalne lahendus hotellitubade isikup\u00e4rastamiseks. J\u00e4tkuv evolutsioon, et saavutada maksimaalne kasutuspraktilisus minimaalse voolutarbega. V\u00e4ga madala energiakuluga ja \u00e4\u00e4rmiselt vaikne kompressorminibaar<\/p>\n<p>Energia klass: A+++<br \/>\nVoolutarve: 0,14 kWh\/24h<br \/>\nLED valgustus<br \/>\nLuksuslik klaasist uks<br \/>\nFikseeritud termostaat  5 \u00b0 C<br \/>\nMahutab 1-L pudelid uksepaneelis<br \/>\nM\u00f5\u00f5dud KxLxS: 540 x 445 x 390mm<br \/>\nKal 21kg<\/p>\n","protected":false},"featured_media":1358,"comment_status":"closed","ping_status":"closed","template":"","meta":{"_acf_changed":false},"product_brand":[],"product_cat":[122],"product_tag":[],"class_list":{"0":"post-1420","1":"product","2":"type-product","3":"status-publish","4":"has-post-thumbnail","6":"product_cat-minibaarid","8":"first","9":"instock","10":"taxable","11":"shipping-taxable","12":"purchasable","13":"product-type-simple"},"group_of_quantity":1,"min_quantity":1,"max_quantity":"","exclude_order_quantity_value_rules":"no","exclude_category_quantity_rules":"no","combine_variations":"no","acf":[],"_links":{"self":[{"href":"https:\/\/nordicamenities.com\/lv\/wp-json\/wp\/v2\/product\/1420","targetHints":{"allow":["GET"]}}],"collection":[{"href":"https:\/\/nordicamenities.com\/lv\/wp-json\/wp\/v2\/product"}],"about":[{"href":"https:\/\/nordicamenities.com\/lv\/wp-json\/wp\/v2\/types\/product"}],"replies":[{"embeddable":true,"href":"https:\/\/nordicamenities.com\/lv\/wp-json\/wp\/v2\/comments?post=1420"}],"wp:featuredmedia":[{"embeddable":true,"href":"https:\/\/nordicamenities.com\/lv\/wp-json\/wp\/v2\/media\/1358"}],"wp:attachment":[{"href":"https:\/\/nordicamenities.com\/lv\/wp-json\/wp\/v2\/media?parent=1420"}],"wp:term":[{"taxonomy":"product_brand","embeddable":true,"href":"https:\/\/nordicamenities.com\/lv\/wp-json\/wp\/v2\/product_brand?post=1420"},{"taxonomy":"product_cat","embeddable":true,"href":"https:\/\/nordicamenities.com\/lv\/wp-json\/wp\/v2\/product_cat?post=1420"},{"taxonomy":"product_tag","embeddable":true,"href":"https:\/\/nordicamenities.com\/lv\/wp-json\/wp\/v2\/product_tag?post=1420"}],"curies":[{"name":"wp","href":"https:\/\/api.w.org\/{rel}","templated":true}]}}