{"id":1424,"date":"2024-03-15T06:00:46","date_gmt":"2024-03-15T06:00:46","guid":{"rendered":"https:\/\/nordicamenities.eu\/toode\/sahtelminibaar-td45\/"},"modified":"2024-03-15T06:00:47","modified_gmt":"2024-03-15T06:00:47","slug":"sahtelminibaar-td45","status":"publish","type":"product","link":"https:\/\/nordicamenities.com\/lv\/toode\/sahtelminibaar-td45\/","title":{"rendered":"Sahtelminibaar TD45"},"content":{"rendered":"","protected":false},"excerpt":{"rendered":"<p>Stiilne TD45 sahtliga minibaar annab teie k\u00fclastajatele h\u00f5lpsa juurdep\u00e4\u00e4su suurep\u00e4raselt jahutatud jookidele. A-klassi energiaklassiga uus peltier-tehnoloogia tagab suurep\u00e4rase t\u00f6\u00f6kindluse, energia s\u00e4\u00e4stmise ning vaikse t\u00f6\u00f6tamise. TD45\u2019l on suurep\u00e4rane ruumikus, mis v\u00f5imaldab hoida nii pudeleid kui ka purke. Mininbaaril on sisemine LED-valgustus ja elegantne tume peegelklaasiga uks, mis sobib igasse m\u00f6\u00f6blisse.<\/p>\n<p>40lt Minibaar<br \/>\nKaal &#8211; 15kg<br \/>\nToide &#8211; 230Vac 50\/60Hz<br \/>\nLaius &#8211; 495 mm<br \/>\nK\u00f5rgus &#8211; 420 mm<br \/>\nS\u00fcgavus &#8211; 455 mm<br \/>\nEnergia klass \u2013 A<br \/>\nSisemine LED valgustus<\/p>\n","protected":false},"featured_media":1388,"comment_status":"closed","ping_status":"open","template":"","meta":{"_acf_changed":false},"product_brand":[],"product_cat":[122],"product_tag":[],"class_list":{"0":"post-1424","1":"product","2":"type-product","3":"status-publish","4":"has-post-thumbnail","6":"product_cat-minibaarid","8":"first","9":"instock","10":"taxable","11":"shipping-taxable","12":"purchasable","13":"product-type-simple"},"group_of_quantity":1,"min_quantity":1,"max_quantity":"","exclude_order_quantity_value_rules":"no","exclude_category_quantity_rules":"no","combine_variations":"no","acf":[],"_links":{"self":[{"href":"https:\/\/nordicamenities.com\/lv\/wp-json\/wp\/v2\/product\/1424","targetHints":{"allow":["GET"]}}],"collection":[{"href":"https:\/\/nordicamenities.com\/lv\/wp-json\/wp\/v2\/product"}],"about":[{"href":"https:\/\/nordicamenities.com\/lv\/wp-json\/wp\/v2\/types\/product"}],"replies":[{"embeddable":true,"href":"https:\/\/nordicamenities.com\/lv\/wp-json\/wp\/v2\/comments?post=1424"}],"wp:featuredmedia":[{"embeddable":true,"href":"https:\/\/nordicamenities.com\/lv\/wp-json\/wp\/v2\/media\/1388"}],"wp:attachment":[{"href":"https:\/\/nordicamenities.com\/lv\/wp-json\/wp\/v2\/media?parent=1424"}],"wp:term":[{"taxonomy":"product_brand","embeddable":true,"href":"https:\/\/nordicamenities.com\/lv\/wp-json\/wp\/v2\/product_brand?post=1424"},{"taxonomy":"product_cat","embeddable":true,"href":"https:\/\/nordicamenities.com\/lv\/wp-json\/wp\/v2\/product_cat?post=1424"},{"taxonomy":"product_tag","embeddable":true,"href":"https:\/\/nordicamenities.com\/lv\/wp-json\/wp\/v2\/product_tag?post=1424"}],"curies":[{"name":"wp","href":"https:\/\/api.w.org\/{rel}","templated":true}]}}