{"id":1946,"date":"2024-03-15T06:51:29","date_gmt":"2024-03-15T06:51:29","guid":{"rendered":"https:\/\/nordicamenities.eu\/toode\/wc-hari-hoidja-seinale-kinnitatav-kroom\/"},"modified":"2024-03-15T06:51:30","modified_gmt":"2024-03-15T06:51:30","slug":"wc-hari-hoidja-seinale-kinnitatav-kroom","status":"publish","type":"product","link":"https:\/\/nordicamenities.com\/lv\/toode\/wc-hari-hoidja-seinale-kinnitatav-kroom\/","title":{"rendered":"WC hari + hoidja seinale kinnitatav kroom"},"content":{"rendered":"","protected":false},"excerpt":{"rendered":"<p>S\u00f5rmej\u00e4ljekindel<br \/>\nM\u00f5\u00f5dud H 25 cm, \u00d8 9<\/p>\n","protected":false},"featured_media":1857,"comment_status":"closed","ping_status":"open","template":"","meta":{"_acf_changed":false},"product_brand":[],"product_cat":[134],"product_tag":[],"class_list":{"0":"post-1946","1":"product","2":"type-product","3":"status-publish","4":"has-post-thumbnail","6":"product_cat-wc-harjad","8":"first","9":"instock","10":"taxable","11":"shipping-taxable","12":"purchasable","13":"product-type-simple"},"group_of_quantity":1,"min_quantity":1,"max_quantity":"","exclude_order_quantity_value_rules":"no","exclude_category_quantity_rules":"no","combine_variations":"no","acf":[],"_links":{"self":[{"href":"https:\/\/nordicamenities.com\/lv\/wp-json\/wp\/v2\/product\/1946","targetHints":{"allow":["GET"]}}],"collection":[{"href":"https:\/\/nordicamenities.com\/lv\/wp-json\/wp\/v2\/product"}],"about":[{"href":"https:\/\/nordicamenities.com\/lv\/wp-json\/wp\/v2\/types\/product"}],"replies":[{"embeddable":true,"href":"https:\/\/nordicamenities.com\/lv\/wp-json\/wp\/v2\/comments?post=1946"}],"wp:featuredmedia":[{"embeddable":true,"href":"https:\/\/nordicamenities.com\/lv\/wp-json\/wp\/v2\/media\/1857"}],"wp:attachment":[{"href":"https:\/\/nordicamenities.com\/lv\/wp-json\/wp\/v2\/media?parent=1946"}],"wp:term":[{"taxonomy":"product_brand","embeddable":true,"href":"https:\/\/nordicamenities.com\/lv\/wp-json\/wp\/v2\/product_brand?post=1946"},{"taxonomy":"product_cat","embeddable":true,"href":"https:\/\/nordicamenities.com\/lv\/wp-json\/wp\/v2\/product_cat?post=1946"},{"taxonomy":"product_tag","embeddable":true,"href":"https:\/\/nordicamenities.com\/lv\/wp-json\/wp\/v2\/product_tag?post=1946"}],"curies":[{"name":"wp","href":"https:\/\/api.w.org\/{rel}","templated":true}]}}