{"id":2090,"date":"2024-03-15T07:14:00","date_gmt":"2024-03-15T07:14:00","guid":{"rendered":"https:\/\/nordicamenities.eu\/toode\/prugikast-20l-pedaaliga-must\/"},"modified":"2024-03-15T07:14:01","modified_gmt":"2024-03-15T07:14:01","slug":"prugikast-20l-pedaaliga-must","status":"publish","type":"product","link":"https:\/\/nordicamenities.com\/lv\/toode\/prugikast-20l-pedaaliga-must\/","title":{"rendered":"Pr\u00fcgikast 20L pedaaliga must"},"content":{"rendered":"","protected":false},"excerpt":{"rendered":"<p>Pr\u00fcgikast 20L pedaaliga<br \/>\nViimistlus: pulberv\u00e4rvitud must<br \/>\nM\u00f5\u00f5dud K x \u00d8: 45 x 30cm<\/p>\n","protected":false},"featured_media":2061,"comment_status":"closed","ping_status":"open","template":"","meta":{"_acf_changed":false},"product_brand":[],"product_cat":[133],"product_tag":[],"class_list":{"0":"post-2090","1":"product","2":"type-product","3":"status-publish","4":"has-post-thumbnail","6":"product_cat-prugikastid","8":"first","9":"instock","10":"taxable","11":"shipping-taxable","12":"purchasable","13":"product-type-simple"},"group_of_quantity":1,"min_quantity":1,"max_quantity":"","exclude_order_quantity_value_rules":"no","exclude_category_quantity_rules":"no","combine_variations":"no","acf":[],"_links":{"self":[{"href":"https:\/\/nordicamenities.com\/lv\/wp-json\/wp\/v2\/product\/2090","targetHints":{"allow":["GET"]}}],"collection":[{"href":"https:\/\/nordicamenities.com\/lv\/wp-json\/wp\/v2\/product"}],"about":[{"href":"https:\/\/nordicamenities.com\/lv\/wp-json\/wp\/v2\/types\/product"}],"replies":[{"embeddable":true,"href":"https:\/\/nordicamenities.com\/lv\/wp-json\/wp\/v2\/comments?post=2090"}],"wp:featuredmedia":[{"embeddable":true,"href":"https:\/\/nordicamenities.com\/lv\/wp-json\/wp\/v2\/media\/2061"}],"wp:attachment":[{"href":"https:\/\/nordicamenities.com\/lv\/wp-json\/wp\/v2\/media?parent=2090"}],"wp:term":[{"taxonomy":"product_brand","embeddable":true,"href":"https:\/\/nordicamenities.com\/lv\/wp-json\/wp\/v2\/product_brand?post=2090"},{"taxonomy":"product_cat","embeddable":true,"href":"https:\/\/nordicamenities.com\/lv\/wp-json\/wp\/v2\/product_cat?post=2090"},{"taxonomy":"product_tag","embeddable":true,"href":"https:\/\/nordicamenities.com\/lv\/wp-json\/wp\/v2\/product_tag?post=2090"}],"curies":[{"name":"wp","href":"https:\/\/api.w.org\/{rel}","templated":true}]}}