{"id":2671,"date":"2024-03-15T08:01:01","date_gmt":"2024-03-15T08:01:01","guid":{"rendered":"https:\/\/nordicamenities.eu\/toode\/trend-dosaator\/"},"modified":"2024-03-15T08:31:27","modified_gmt":"2024-03-15T08:31:27","slug":"trend-dosaator","status":"publish","type":"product","link":"https:\/\/nordicamenities.com\/lv\/toode\/trend-dosaator\/","title":{"rendered":"TREND Dosaator"},"content":{"rendered":"","protected":false},"excerpt":{"rendered":"<p>TREND on uus mittet\u00e4idetav dosaator, on v\u00e4lja t\u00f6\u00f6tatud, ettagada k\u00f5rge h\u00fcgieenitase ja t\u00e4iuslik toode. Dosaator tagab ka \u00f6koloogilise j\u00e4tkusuutlikkuse t\u00e4nu membraankorgile, mis v\u00f5imaldab kosmeetika t\u00e4pset ja kontrollitud doseerimist ja seega v\u00e4hem j\u00e4\u00e4tmeid. Selle minimaalne disain ja kaasaegsed vormid muudavad selle sobivaks erinevates keskkondades.<\/p>\n","protected":false},"featured_media":2775,"comment_status":"closed","ping_status":"closed","template":"","meta":{"_acf_changed":false},"product_brand":[],"product_cat":[146],"product_tag":[],"class_list":{"0":"post-2671","1":"product","2":"type-product","3":"status-publish","4":"has-post-thumbnail","6":"product_cat-dosaatorid","7":"pa_varv-must","8":"pa_varv-valge","10":"first","11":"instock","12":"taxable","13":"shipping-taxable","14":"product-type-variable"},"group_of_quantity":52,"min_quantity":52,"max_quantity":"","exclude_order_quantity_value_rules":"no","exclude_category_quantity_rules":"no","combine_variations":"no","acf":[],"_links":{"self":[{"href":"https:\/\/nordicamenities.com\/lv\/wp-json\/wp\/v2\/product\/2671","targetHints":{"allow":["GET"]}}],"collection":[{"href":"https:\/\/nordicamenities.com\/lv\/wp-json\/wp\/v2\/product"}],"about":[{"href":"https:\/\/nordicamenities.com\/lv\/wp-json\/wp\/v2\/types\/product"}],"replies":[{"embeddable":true,"href":"https:\/\/nordicamenities.com\/lv\/wp-json\/wp\/v2\/comments?post=2671"}],"wp:featuredmedia":[{"embeddable":true,"href":"https:\/\/nordicamenities.com\/lv\/wp-json\/wp\/v2\/media\/2775"}],"wp:attachment":[{"href":"https:\/\/nordicamenities.com\/lv\/wp-json\/wp\/v2\/media?parent=2671"}],"wp:term":[{"taxonomy":"product_brand","embeddable":true,"href":"https:\/\/nordicamenities.com\/lv\/wp-json\/wp\/v2\/product_brand?post=2671"},{"taxonomy":"product_cat","embeddable":true,"href":"https:\/\/nordicamenities.com\/lv\/wp-json\/wp\/v2\/product_cat?post=2671"},{"taxonomy":"product_tag","embeddable":true,"href":"https:\/\/nordicamenities.com\/lv\/wp-json\/wp\/v2\/product_tag?post=2671"}],"curies":[{"name":"wp","href":"https:\/\/api.w.org\/{rel}","templated":true}]}}