{"id":2674,"date":"2024-03-15T08:01:01","date_gmt":"2024-03-15T08:01:01","guid":{"rendered":"https:\/\/nordicamenities.eu\/toode\/real-dosaator\/"},"modified":"2024-03-18T06:27:39","modified_gmt":"2024-03-18T06:27:39","slug":"real-dosaator","status":"publish","type":"product","link":"https:\/\/nordicamenities.com\/lv\/toode\/real-dosaator\/","title":{"rendered":"REAL Dosaator"},"content":{"rendered":"","protected":false},"excerpt":{"rendered":"<p>REAL on n\u00e4htamatu seinakinnitusega dosaator. Uuenduslik toode, mis \u00fchendab endas funktsionaalsuse ja disaini, mis sobib ka k\u00f5ige elegantsemasse keskkonda.<\/p>\n","protected":false},"featured_media":2669,"comment_status":"closed","ping_status":"closed","template":"","meta":{"_acf_changed":false},"product_brand":[],"product_cat":[146],"product_tag":[],"class_list":{"0":"post-2674","1":"product","2":"type-product","3":"status-publish","4":"has-post-thumbnail","6":"product_cat-dosaatorid","7":"pa_varv-must","8":"pa_varv-valge","10":"first","11":"instock","12":"taxable","13":"shipping-taxable","14":"purchasable","15":"product-type-variable"},"group_of_quantity":175,"min_quantity":175,"max_quantity":"","exclude_order_quantity_value_rules":"no","exclude_category_quantity_rules":"no","combine_variations":"no","acf":[],"_links":{"self":[{"href":"https:\/\/nordicamenities.com\/lv\/wp-json\/wp\/v2\/product\/2674","targetHints":{"allow":["GET"]}}],"collection":[{"href":"https:\/\/nordicamenities.com\/lv\/wp-json\/wp\/v2\/product"}],"about":[{"href":"https:\/\/nordicamenities.com\/lv\/wp-json\/wp\/v2\/types\/product"}],"replies":[{"embeddable":true,"href":"https:\/\/nordicamenities.com\/lv\/wp-json\/wp\/v2\/comments?post=2674"}],"wp:featuredmedia":[{"embeddable":true,"href":"https:\/\/nordicamenities.com\/lv\/wp-json\/wp\/v2\/media\/2669"}],"wp:attachment":[{"href":"https:\/\/nordicamenities.com\/lv\/wp-json\/wp\/v2\/media?parent=2674"}],"wp:term":[{"taxonomy":"product_brand","embeddable":true,"href":"https:\/\/nordicamenities.com\/lv\/wp-json\/wp\/v2\/product_brand?post=2674"},{"taxonomy":"product_cat","embeddable":true,"href":"https:\/\/nordicamenities.com\/lv\/wp-json\/wp\/v2\/product_cat?post=2674"},{"taxonomy":"product_tag","embeddable":true,"href":"https:\/\/nordicamenities.com\/lv\/wp-json\/wp\/v2\/product_tag?post=2674"}],"curies":[{"name":"wp","href":"https:\/\/api.w.org\/{rel}","templated":true}]}}