{"id":2876,"date":"2024-03-18T06:42:58","date_gmt":"2024-03-18T06:42:58","guid":{"rendered":"https:\/\/nordicamenities.eu\/toode\/anuhea-white-tea\/"},"modified":"2024-03-18T06:42:59","modified_gmt":"2024-03-18T06:42:59","slug":"anuhea-white-tea","status":"publish","type":"product","link":"https:\/\/nordicamenities.com\/lv\/toode\/anuhea-white-tea\/","title":{"rendered":"ANUHEA White Tea"},"content":{"rendered":"","protected":false},"excerpt":{"rendered":"<p>ANUHEA\u00ae &#8211; Emotisioonide ja m\u00e4lestuste juveel<br \/>\nEt elada h\u00e4sti, peame end \u00fcmbritsema asjadega, mis pakuvad meie meeltele r\u00f5\u00f5mu, n\u00e4gemisest kuni l\u00f5hnadeni. K\u00f5iki \u00fcksikasjad kohtades kus me viibime, alates meid \u00fcmbritsevatest l\u00f5hnadest, tuleb tajuda \u00fcksikasjalikult, et edastada eksklusiivseid emotsioonr ja muuta see hetk meie p\u00e4evas ainulaadseks.<\/p>\n<p>Tee on selle \u00f5rna ja ebatavalise liidu absoluutne peategelane, kes on looritatud sidruni ja greibi v\u00e4rskusega. Liilia, aromaatsed \u00fcrdid ja muskuse rafineeritud noodid ning tsitruspuude iseloomulikud l\u00f5hnad annavad sellele keerukale aroomile isikup\u00e4ra.<\/p>\n","protected":false},"featured_media":2835,"comment_status":"closed","ping_status":"open","template":"","meta":{"_acf_changed":false},"product_brand":[],"product_cat":[196],"product_tag":[197],"class_list":{"0":"post-2876","1":"product","2":"type-product","3":"status-publish","4":"has-post-thumbnail","6":"product_cat-anuhea","7":"product_tag-lohnaveed","8":"pa_suurus-1l","9":"pa_suurus-400ml","10":"pa_suurus-40ml","12":"first","13":"instock","14":"taxable","15":"shipping-taxable","16":"purchasable","17":"product-type-variable"},"group_of_quantity":4,"min_quantity":4,"max_quantity":"","exclude_order_quantity_value_rules":"no","exclude_category_quantity_rules":"no","combine_variations":"no","acf":[],"_links":{"self":[{"href":"https:\/\/nordicamenities.com\/lv\/wp-json\/wp\/v2\/product\/2876","targetHints":{"allow":["GET"]}}],"collection":[{"href":"https:\/\/nordicamenities.com\/lv\/wp-json\/wp\/v2\/product"}],"about":[{"href":"https:\/\/nordicamenities.com\/lv\/wp-json\/wp\/v2\/types\/product"}],"replies":[{"embeddable":true,"href":"https:\/\/nordicamenities.com\/lv\/wp-json\/wp\/v2\/comments?post=2876"}],"wp:featuredmedia":[{"embeddable":true,"href":"https:\/\/nordicamenities.com\/lv\/wp-json\/wp\/v2\/media\/2835"}],"wp:attachment":[{"href":"https:\/\/nordicamenities.com\/lv\/wp-json\/wp\/v2\/media?parent=2876"}],"wp:term":[{"taxonomy":"product_brand","embeddable":true,"href":"https:\/\/nordicamenities.com\/lv\/wp-json\/wp\/v2\/product_brand?post=2876"},{"taxonomy":"product_cat","embeddable":true,"href":"https:\/\/nordicamenities.com\/lv\/wp-json\/wp\/v2\/product_cat?post=2876"},{"taxonomy":"product_tag","embeddable":true,"href":"https:\/\/nordicamenities.com\/lv\/wp-json\/wp\/v2\/product_tag?post=2876"}],"curies":[{"name":"wp","href":"https:\/\/api.w.org\/{rel}","templated":true}]}}