{"id":2914,"date":"2024-03-18T06:43:06","date_gmt":"2024-03-18T06:43:06","guid":{"rendered":"https:\/\/nordicamenities.eu\/toode\/juuste-keha-ja-katepesugeel-orange-cinnamon-500ml\/"},"modified":"2024-03-18T06:43:07","modified_gmt":"2024-03-18T06:43:07","slug":"juuste-keha-ja-katepesugeel-orange-cinnamon-500ml","status":"publish","type":"product","link":"https:\/\/nordicamenities.com\/lv\/toode\/juuste-keha-ja-katepesugeel-orange-cinnamon-500ml\/","title":{"rendered":"Juuste, keha ja k\u00e4tepesugeel ORANGE \u2013 CINNAMON 500ml"},"content":{"rendered":"","protected":false},"excerpt":{"rendered":"<p>ORANGE \u2013 CINNAMON\u2019st voogab l\u00f5\u00f5gastus, rahu ja rahulikkus. Soojad aroomid \u00fcmbritsevad teid t\u00e4ieliku mugavustundega.<br \/>\nHarmooniline s\u00fcmfoonia kaneeli ja apelsini v\u00e4rske l\u00f5hna vahel, m\u00e4nni v\u00e4rskele aroomile lisab v\u00fcrtsi nelk, t\u00e4htaniisi ja vanilje. Keerukas parf\u00fc\u00fcm, mis annab tubadele isikup\u00e4ra ja stiili.<\/p>\n","protected":false},"featured_media":2853,"comment_status":"closed","ping_status":"open","template":"","meta":{"_acf_changed":false},"product_brand":[],"product_cat":[202],"product_tag":[203],"class_list":{"0":"post-2914","1":"product","2":"type-product","3":"status-publish","4":"has-post-thumbnail","6":"product_cat-aquerello","7":"product_tag-juukse-keha-kate","9":"first","10":"instock","11":"taxable","12":"shipping-taxable","13":"purchasable","14":"product-type-simple"},"group_of_quantity":12,"min_quantity":12,"max_quantity":"","exclude_order_quantity_value_rules":"no","exclude_category_quantity_rules":"no","combine_variations":"no","acf":[],"_links":{"self":[{"href":"https:\/\/nordicamenities.com\/lv\/wp-json\/wp\/v2\/product\/2914","targetHints":{"allow":["GET"]}}],"collection":[{"href":"https:\/\/nordicamenities.com\/lv\/wp-json\/wp\/v2\/product"}],"about":[{"href":"https:\/\/nordicamenities.com\/lv\/wp-json\/wp\/v2\/types\/product"}],"replies":[{"embeddable":true,"href":"https:\/\/nordicamenities.com\/lv\/wp-json\/wp\/v2\/comments?post=2914"}],"wp:featuredmedia":[{"embeddable":true,"href":"https:\/\/nordicamenities.com\/lv\/wp-json\/wp\/v2\/media\/2853"}],"wp:attachment":[{"href":"https:\/\/nordicamenities.com\/lv\/wp-json\/wp\/v2\/media?parent=2914"}],"wp:term":[{"taxonomy":"product_brand","embeddable":true,"href":"https:\/\/nordicamenities.com\/lv\/wp-json\/wp\/v2\/product_brand?post=2914"},{"taxonomy":"product_cat","embeddable":true,"href":"https:\/\/nordicamenities.com\/lv\/wp-json\/wp\/v2\/product_cat?post=2914"},{"taxonomy":"product_tag","embeddable":true,"href":"https:\/\/nordicamenities.com\/lv\/wp-json\/wp\/v2\/product_tag?post=2914"}],"curies":[{"name":"wp","href":"https:\/\/api.w.org\/{rel}","templated":true}]}}