{"id":2916,"date":"2024-03-18T06:43:06","date_gmt":"2024-03-18T06:43:06","guid":{"rendered":"https:\/\/nordicamenities.eu\/toode\/juuste-keha-ja-katepesugeel-apricot-500ml\/"},"modified":"2024-03-18T06:43:07","modified_gmt":"2024-03-18T06:43:07","slug":"juuste-keha-ja-katepesugeel-apricot-500ml","status":"publish","type":"product","link":"https:\/\/nordicamenities.com\/lv\/toode\/juuste-keha-ja-katepesugeel-apricot-500ml\/","title":{"rendered":"Juuste, keha ja k\u00e4tepesugeel APRICOT 500ml"},"content":{"rendered":"","protected":false},"excerpt":{"rendered":"<p>Laske end \u00fcmbritseda ning hellitada APRICOT sarja pehmete ja maitsvate varjunditega. Sari mis on m\u00f5eldud Teile t\u00f5eliselt magusate hetkede andmiseks.<br \/>\nMagus aroom, mis tuleb apelsini, piparm\u00fcndi ja muraka v\u00e4rskete nootide ning \u00f5una, ploomi ja ts\u00fcklameni puuvijade harmooniast. \u00d5hu t\u00e4itmiseks peene ergusega on muskus, mis annab ainulaadse isikup\u00e4ra selles suurep\u00e4rases aroomis.<\/p>\n","protected":false},"featured_media":2839,"comment_status":"closed","ping_status":"open","template":"","meta":{"_acf_changed":false},"product_brand":[],"product_cat":[202],"product_tag":[203],"class_list":{"0":"post-2916","1":"product","2":"type-product","3":"status-publish","4":"has-post-thumbnail","6":"product_cat-aquerello","7":"product_tag-juukse-keha-kate","9":"first","10":"instock","11":"taxable","12":"shipping-taxable","13":"purchasable","14":"product-type-simple"},"group_of_quantity":12,"min_quantity":12,"max_quantity":"","exclude_order_quantity_value_rules":"no","exclude_category_quantity_rules":"no","combine_variations":"no","acf":[],"_links":{"self":[{"href":"https:\/\/nordicamenities.com\/lv\/wp-json\/wp\/v2\/product\/2916","targetHints":{"allow":["GET"]}}],"collection":[{"href":"https:\/\/nordicamenities.com\/lv\/wp-json\/wp\/v2\/product"}],"about":[{"href":"https:\/\/nordicamenities.com\/lv\/wp-json\/wp\/v2\/types\/product"}],"replies":[{"embeddable":true,"href":"https:\/\/nordicamenities.com\/lv\/wp-json\/wp\/v2\/comments?post=2916"}],"wp:featuredmedia":[{"embeddable":true,"href":"https:\/\/nordicamenities.com\/lv\/wp-json\/wp\/v2\/media\/2839"}],"wp:attachment":[{"href":"https:\/\/nordicamenities.com\/lv\/wp-json\/wp\/v2\/media?parent=2916"}],"wp:term":[{"taxonomy":"product_brand","embeddable":true,"href":"https:\/\/nordicamenities.com\/lv\/wp-json\/wp\/v2\/product_brand?post=2916"},{"taxonomy":"product_cat","embeddable":true,"href":"https:\/\/nordicamenities.com\/lv\/wp-json\/wp\/v2\/product_cat?post=2916"},{"taxonomy":"product_tag","embeddable":true,"href":"https:\/\/nordicamenities.com\/lv\/wp-json\/wp\/v2\/product_tag?post=2916"}],"curies":[{"name":"wp","href":"https:\/\/api.w.org\/{rel}","templated":true}]}}