{"id":3232,"date":"2024-09-10T07:55:35","date_gmt":"2024-09-10T05:55:35","guid":{"rendered":"https:\/\/nordicamenities.eu\/toode\/ihupiim-50ml-b-natural\/"},"modified":"2024-09-10T07:55:39","modified_gmt":"2024-09-10T05:55:39","slug":"ihupiim-50ml-b-natural","status":"publish","type":"product","link":"https:\/\/nordicamenities.com\/lv\/toode\/ihupiim-50ml-b-natural\/","title":{"rendered":"Ihupiim 50ml B NATURAL"},"content":{"rendered":"","protected":false},"excerpt":{"rendered":"<p>B NATURAL on kosmeetikasari sari neile, kes soovivad pakkuda oma k\u00fclalistele looduslikku kosmeetikat. Vegan koostistega, mis sisaldab v\u00e4hemalt 95% loodusliku p\u00e4ritoluga tooraineid, mis hoolitsevad \u00f5rnalt naha ja juuste eest, samas kui selle 100% taaskasutatud materjalist valmistatud pakend on p\u00fchendunud n\u00fc\u00fcdseks olulisele rollile meie planeedi kaitsmisel.<br \/>\nKOSMEETIKA ON TOODETUD ITAALIAS.<\/p>\n","protected":false},"featured_media":3053,"comment_status":"closed","ping_status":"open","template":"","meta":{"_acf_changed":false},"product_brand":[],"product_cat":[213],"product_tag":[45],"class_list":{"0":"post-3232","1":"product","2":"type-product","3":"status-publish","4":"has-post-thumbnail","6":"product_cat-b-natural","7":"product_tag-ihupiim","9":"first","10":"instock","11":"taxable","12":"shipping-taxable","13":"purchasable","14":"product-type-simple"},"group_of_quantity":192,"min_quantity":192,"max_quantity":"","exclude_order_quantity_value_rules":"no","exclude_category_quantity_rules":"no","combine_variations":"no","acf":[],"_links":{"self":[{"href":"https:\/\/nordicamenities.com\/lv\/wp-json\/wp\/v2\/product\/3232","targetHints":{"allow":["GET"]}}],"collection":[{"href":"https:\/\/nordicamenities.com\/lv\/wp-json\/wp\/v2\/product"}],"about":[{"href":"https:\/\/nordicamenities.com\/lv\/wp-json\/wp\/v2\/types\/product"}],"replies":[{"embeddable":true,"href":"https:\/\/nordicamenities.com\/lv\/wp-json\/wp\/v2\/comments?post=3232"}],"wp:featuredmedia":[{"embeddable":true,"href":"https:\/\/nordicamenities.com\/lv\/wp-json\/wp\/v2\/media\/3053"}],"wp:attachment":[{"href":"https:\/\/nordicamenities.com\/lv\/wp-json\/wp\/v2\/media?parent=3232"}],"wp:term":[{"taxonomy":"product_brand","embeddable":true,"href":"https:\/\/nordicamenities.com\/lv\/wp-json\/wp\/v2\/product_brand?post=3232"},{"taxonomy":"product_cat","embeddable":true,"href":"https:\/\/nordicamenities.com\/lv\/wp-json\/wp\/v2\/product_cat?post=3232"},{"taxonomy":"product_tag","embeddable":true,"href":"https:\/\/nordicamenities.com\/lv\/wp-json\/wp\/v2\/product_tag?post=3232"}],"curies":[{"name":"wp","href":"https:\/\/api.w.org\/{rel}","templated":true}]}}